{"id":1208,"date":"2026-03-09T10:59:46","date_gmt":"2026-03-09T09:59:46","guid":{"rendered":"https:\/\/www.leviolonsabot.com\/?page_id=1208"},"modified":"2026-03-09T11:04:38","modified_gmt":"2026-03-09T10:04:38","slug":"passacaille","status":"publish","type":"page","link":"https:\/\/www.leviolonsabot.com\/index.php\/passacaille\/","title":{"rendered":"Passacaille"},"content":{"rendered":"\n<h1 class=\"wp-block-heading has-text-align-center has-x-large-font-size\">Passacaille<\/h1>\n\n\n\n<p class=\"has-text-align-center\">L\u2019accord\u00e9on et le violon de Passacaille vous emm\u00e8neront dans des m\u00e9lodies fleuries et printani\u00e8res o\u00f9 se m\u00ealent les sonorit\u00e9s chaleureuses des musiques \u00e0 danser et la force subtile des airs et harmonies classiques.<br><br>Entre arrangements et compositions, vous passerez assur\u00e9ment un excellent moment en compagnie de Passacaille !<\/p>\n\n\n\n<figure class=\"wp-block-embed is-type-video is-provider-youtube wp-block-embed-youtube wp-embed-aspect-16-9 wp-has-aspect-ratio\"><div class=\"wp-block-embed__wrapper\">\n<div class=\"nv-iframe-embed\"><iframe loading=\"lazy\" title=\"Passacaille\" width=\"1200\" height=\"675\" src=\"https:\/\/www.youtube.com\/embed\/BM8hOif_TAc?feature=oembed\" frameborder=\"0\" allow=\"accelerometer; autoplay; clipboard-write; encrypted-media; gyroscope; picture-in-picture; web-share\" referrerpolicy=\"strict-origin-when-cross-origin\" allowfullscreen><\/iframe><\/div>\n<\/div><\/figure>\n","protected":false},"excerpt":{"rendered":"<p>Passacaille L\u2019accord\u00e9on et le violon de Passacaille vous emm\u00e8neront dans des m\u00e9lodies fleuries et printani\u00e8res o\u00f9 se m\u00ealent les sonorit\u00e9s chaleureuses des musiques \u00e0 danser et la force subtile des airs et harmonies classiques. Entre arrangements et compositions, vous passerez assur\u00e9ment un excellent moment en compagnie de Passacaille !<\/p>\n","protected":false},"author":1,"featured_media":0,"parent":0,"menu_order":0,"comment_status":"closed","ping_status":"closed","template":"","meta":{"neve_meta_sidebar":"","neve_meta_container":"","neve_meta_enable_content_width":"","neve_meta_content_width":0,"neve_meta_title_alignment":"","neve_meta_author_avatar":"","neve_post_elements_order":"","neve_meta_disable_header":"","neve_meta_disable_footer":"","neve_meta_disable_title":"","footnotes":""},"class_list":["post-1208","page","type-page","status-publish","hentry"],"_links":{"self":[{"href":"https:\/\/www.leviolonsabot.com\/index.php\/wp-json\/wp\/v2\/pages\/1208","targetHints":{"allow":["GET"]}}],"collection":[{"href":"https:\/\/www.leviolonsabot.com\/index.php\/wp-json\/wp\/v2\/pages"}],"about":[{"href":"https:\/\/www.leviolonsabot.com\/index.php\/wp-json\/wp\/v2\/types\/page"}],"author":[{"embeddable":true,"href":"https:\/\/www.leviolonsabot.com\/index.php\/wp-json\/wp\/v2\/users\/1"}],"replies":[{"embeddable":true,"href":"https:\/\/www.leviolonsabot.com\/index.php\/wp-json\/wp\/v2\/comments?post=1208"}],"version-history":[{"count":2,"href":"https:\/\/www.leviolonsabot.com\/index.php\/wp-json\/wp\/v2\/pages\/1208\/revisions"}],"predecessor-version":[{"id":1216,"href":"https:\/\/www.leviolonsabot.com\/index.php\/wp-json\/wp\/v2\/pages\/1208\/revisions\/1216"}],"wp:attachment":[{"href":"https:\/\/www.leviolonsabot.com\/index.php\/wp-json\/wp\/v2\/media?parent=1208"}],"curies":[{"name":"wp","href":"https:\/\/api.w.org\/{rel}","templated":true}]}}