{"id":16,"date":"2021-10-13T14:55:37","date_gmt":"2021-10-13T12:55:37","guid":{"rendered":"https:\/\/www.leviolonsabot.com\/?page_id=16"},"modified":"2026-02-18T17:00:49","modified_gmt":"2026-02-18T16:00:49","slug":"codario","status":"publish","type":"page","link":"https:\/\/www.leviolonsabot.com\/index.php\/codario\/","title":{"rendered":"Codario"},"content":{"rendered":"\n<div style=\"height:60px\" aria-hidden=\"true\" class=\"wp-block-spacer\"><\/div>\n\n\n\n<div class=\"wp-block-group has-nv-dark-bg-background-color has-background\"><div class=\"wp-block-group__inner-container is-layout-constrained wp-block-group-is-layout-constrained\">\n<h1 class=\"wp-block-heading has-text-align-center has-neve-text-color-color has-text-color has-x-large-font-size\">Codario &#8211; Sur la piste des violons sauvages<\/h1>\n\n\n\n<p class=\"has-text-align-center\">Deux violonistes et beaucoup de violons !<br><br>Nous avons avec nous une douzaine de violons : violons de luthiers, violons r\u00e9cup\u00e9r\u00e9s ou encore fabriqu\u00e9s par nos soins. Avec tous ces violons d\u2019allures, d\u2019origines et de timbres diff\u00e9rents, nous racontons des histoires, tant\u00f4t sous forme de musiques, tant\u00f4t avec des mots.<br><br>Les histoires parlent de violons populaires, d\u2019instruments de musiques \u00e9tranges, de personnages singuliers, mais aussi de vaches, d&rsquo;escargots, de mammouths, d&rsquo;arbres et de plancton.<br><\/p>\n\n\n\n<div class=\"wp-block-columns is-layout-flex wp-container-core-columns-is-layout-9d6595d7 wp-block-columns-is-layout-flex\">\n<div class=\"wp-block-column is-layout-flow wp-block-column-is-layout-flow\" style=\"flex-basis:66.66%\">\n<figure class=\"wp-block-embed is-type-video is-provider-youtube wp-block-embed-youtube wp-embed-aspect-16-9 wp-has-aspect-ratio\"><div class=\"wp-block-embed__wrapper\">\n<div class=\"nv-iframe-embed\"><iframe loading=\"lazy\" title=\"Codario - Sur la piste des violons sauvages - Teaser\" width=\"1200\" height=\"675\" src=\"https:\/\/www.youtube.com\/embed\/QgUrFjE9N8E?feature=oembed\" frameborder=\"0\" allow=\"accelerometer; autoplay; clipboard-write; encrypted-media; gyroscope; picture-in-picture; web-share\" referrerpolicy=\"strict-origin-when-cross-origin\" allowfullscreen><\/iframe><\/div>\n<\/div><\/figure>\n<\/div>\n\n\n\n<div class=\"wp-block-column is-layout-flow wp-block-column-is-layout-flow\" style=\"flex-basis:33.33%\"><p><iframe style=\"border: 0; width: 350px; height: 470px;\" src=\"https:\/\/bandcamp.com\/EmbeddedPlayer\/album=923718442\/size=large\/bgcol=ffffff\/linkcol=0687f5\/tracklist=false\/transparent=true\/\" seamless><a href=\"https:\/\/codario.bandcamp.com\/album\/codario-saulxures\" target=\"_blank\" rel=\"noopener\">Codario \u00e0 Saulxures de Duo codario<\/a><\/iframe><\/p>\n<\/div>\n<\/div>\n\n\n\n<div style=\"height:33px\" aria-hidden=\"true\" class=\"wp-block-spacer\"><\/div>\n\n\n\n<div style=\"height:7px\" aria-hidden=\"true\" class=\"wp-block-spacer\"><\/div>\n<\/div><\/div>\n\n\n\n<div class=\"wp-block-group has-nv-site-bg-background-color has-background\"><div class=\"wp-block-group__inner-container is-layout-constrained wp-block-group-is-layout-constrained\">\n<p class=\"has-text-align-center\"><!-- Final Tiles Grid Gallery for WordPress v3.6.6 free --><style>#ftg-33 .tile .icon { color:#ffffff; }#ftg-33 .ftg-items .loading-bar i { background:#666; }#ftg-33 .ftg-items .loading-bar { background:#fff; }#ftg-33 .tile .icon { font-size:12px; }#ftg-33 .tile .icon { margin: -6px 0 0 -6px; }#ftg-33 .tile .caption-block .text-wrapper span.text { font-size:12px; }#ftg-33 .tile .caption-outside .text-wrapper span.text { font-size:12px; }#ftg-33 .tile .caption-block .text-wrapper span.title { font-size:14px; }#ftg-33 .tile .caption-outside .text-wrapper span.title { font-size:14px; }#ftg-33 .tile { background-color: transparent; }#ftg-33 .tile .caption-block .text-wrapper span.text { color: #ffffff; }#ftg-33 .tile .caption-block .text-wrapper span.title { color: #ffffff; }#ftg-33 .tile .caption-outside .text-wrapper span.text { color: #ffffff; }#ftg-33 .tile .caption-outside .text-wrapper span.title { color: #ffffff; }#ftg-33 .tile .ftg-social a { color: #ffffff; }#ftg-33 .tile .caption-block { transition-duration:0.25s; }#ftg-33 .tile .tile-inner:before { background-color: #000000; }#ftg-33 .tile .tile-inner:before { background-color: rgba(0, 0, 0, 0.8); }#ftg-33 .tile:hover img {-moz-transform: ;-webkit-transform: ;-o-transform: ;-ms-transform: ;transform: ;}<\/style><a name=\"3\"><\/a><div class=\"final-tiles-gallery  ftg-hover-enabled caption-inside  caption-none caption-middle caption-center\" id=\"ftg-33\" style=\"width: 100%\"><div class='ftg-items'><div class='loading-bar'><i><\/i><\/div><div  class='tile ftg-preload  '><a title=\"DSC_0023-1\" data-lightbox=\"ftg-33\" rel=\"ftg-33\" class=\" tile-inner  ftg-lightbox\" href=\"https:\/\/www.leviolonsabot.com\/wp-content\/uploads\/2021\/10\/DSC_0023-1-1024x685.jpg\"><img alt='DSC_0023-1' class='item skip-lazy' data-class='item' data-ftg-source='https:\/\/www.leviolonsabot.com\/wp-content\/uploads\/2021\/10\/DSC_0023-1-1024x685.jpg' src='https:\/\/www.leviolonsabot.com\/wp-content\/uploads\/2021\/10\/DSC_0023-1-1024x685.jpg' width='1024' height='685' \/><div class='caption-block'><div class='text-wrapper'><span class='title'>DSC_0023-1<\/span><\/div><\/div><\/a><div class='ftg-social'><\/div><\/div><div  class='tile ftg-preload  '><a title=\"logo-codario-rouge\" data-lightbox=\"ftg-33\" rel=\"ftg-33\" class=\" tile-inner  ftg-lightbox\" href=\"https:\/\/www.leviolonsabot.com\/wp-content\/uploads\/2021\/10\/logo-codario-rouge-e1634918979827.png\"><img alt='logo-codario-rouge' class='item skip-lazy' data-class='item' data-ftg-source='https:\/\/www.leviolonsabot.com\/wp-content\/uploads\/2021\/10\/logo-codario-rouge-e1634918979827.png' src='https:\/\/www.leviolonsabot.com\/wp-content\/uploads\/2021\/10\/logo-codario-rouge-e1634918979827.png' width='479' height='446' \/><div class='caption-block'><div class='text-wrapper'><span class='title'>logo-codario-rouge<\/span><\/div><\/div><\/a><div class='ftg-social'><\/div><\/div><div  class='tile ftg-preload  '><a title=\"DSC_0049\" data-lightbox=\"ftg-33\" rel=\"ftg-33\" class=\" tile-inner  ftg-lightbox\" href=\"https:\/\/www.leviolonsabot.com\/wp-content\/uploads\/2021\/10\/DSC_0049-2-685x1024.jpg\"><img alt='DSC_0049' class='item skip-lazy' data-class='item' data-ftg-source='https:\/\/www.leviolonsabot.com\/wp-content\/uploads\/2021\/10\/DSC_0049-2-685x1024.jpg' src='https:\/\/www.leviolonsabot.com\/wp-content\/uploads\/2021\/10\/DSC_0049-2-685x1024.jpg' width='685' height='1024' \/><div class='caption-block'><div class='text-wrapper'><span class='title'>DSC_0049<\/span><\/div><\/div><\/a><div class='ftg-social'><\/div><\/div><div  class='tile ftg-preload  '><a title=\"DSC_0052\" data-lightbox=\"ftg-33\" rel=\"ftg-33\" class=\" tile-inner  ftg-lightbox\" href=\"https:\/\/www.leviolonsabot.com\/wp-content\/uploads\/2021\/10\/DSC_0052-685x1024.jpg\"><img alt='DSC_0052' class='item skip-lazy' data-class='item' data-ftg-source='https:\/\/www.leviolonsabot.com\/wp-content\/uploads\/2021\/10\/DSC_0052-685x1024.jpg' src='https:\/\/www.leviolonsabot.com\/wp-content\/uploads\/2021\/10\/DSC_0052-685x1024.jpg' width='685' height='1024' \/><div class='caption-block'><div class='text-wrapper'><span class='title'>DSC_0052<\/span><\/div><\/div><\/a><div class='ftg-social'><\/div><\/div><div  class='tile ftg-preload  '><a title=\"2021-09-11_vide-dressing-solidaire_064\" data-lightbox=\"ftg-33\" rel=\"ftg-33\" class=\" tile-inner  ftg-lightbox\" href=\"https:\/\/www.leviolonsabot.com\/wp-content\/uploads\/2021\/10\/2021-09-11_vide-dressing-solidaire_064-1024x683.jpg\"><img alt='2021-09-11_vide-dressing-solidaire_064' class='item skip-lazy' data-class='item' data-ftg-source='https:\/\/www.leviolonsabot.com\/wp-content\/uploads\/2021\/10\/2021-09-11_vide-dressing-solidaire_064-1024x683.jpg' src='https:\/\/www.leviolonsabot.com\/wp-content\/uploads\/2021\/10\/2021-09-11_vide-dressing-solidaire_064-1024x683.jpg' width='1024' height='683' \/><div class='caption-block'><div class='text-wrapper'><span class='title'>2021-09-11_vide-dressing-solidaire_064<\/span><\/div><\/div><\/a><div class='ftg-social'><\/div><\/div><div  class='tile ftg-preload  '><a title=\"Codario-2\" data-lightbox=\"ftg-33\" rel=\"ftg-33\" class=\" tile-inner  ftg-lightbox\" href=\"https:\/\/www.leviolonsabot.com\/wp-content\/uploads\/2021\/10\/Codario-2-1024x683.jpg\"><img alt='Codario-2' class='item skip-lazy' data-class='item' data-ftg-source='https:\/\/www.leviolonsabot.com\/wp-content\/uploads\/2021\/10\/Codario-2-1024x683.jpg' src='https:\/\/www.leviolonsabot.com\/wp-content\/uploads\/2021\/10\/Codario-2-1024x683.jpg' width='1024' height='683' \/><div class='caption-block'><div class='text-wrapper'><span class='title'>Codario-2<\/span><\/div><\/div><\/a><div class='ftg-social'><\/div><\/div><div  class='tile ftg-preload  '><a title=\"DSC_0079\" data-lightbox=\"ftg-33\" rel=\"ftg-33\" class=\" tile-inner  ftg-lightbox\" href=\"https:\/\/www.leviolonsabot.com\/wp-content\/uploads\/2022\/04\/DSC_0079-685x1024.jpg\"><img alt='DSC_0079' class='item skip-lazy' data-class='item' data-ftg-source='https:\/\/www.leviolonsabot.com\/wp-content\/uploads\/2022\/04\/DSC_0079-685x1024.jpg' src='https:\/\/www.leviolonsabot.com\/wp-content\/uploads\/2022\/04\/DSC_0079-685x1024.jpg' width='685' height='1024' \/><div class='caption-block'><div class='text-wrapper'><span class='title'>DSC_0079<\/span><\/div><\/div><\/a><div class='ftg-social'><\/div><\/div><div  class='tile ftg-preload  '><a title=\"DSC_0096\" data-lightbox=\"ftg-33\" rel=\"ftg-33\" class=\" tile-inner  ftg-lightbox\" href=\"https:\/\/www.leviolonsabot.com\/wp-content\/uploads\/2022\/04\/DSC_0096-685x1024.jpg\"><img alt='DSC_0096' class='item skip-lazy' data-class='item' data-ftg-source='https:\/\/www.leviolonsabot.com\/wp-content\/uploads\/2022\/04\/DSC_0096-685x1024.jpg' src='https:\/\/www.leviolonsabot.com\/wp-content\/uploads\/2022\/04\/DSC_0096-685x1024.jpg' width='685' height='1024' \/><div class='caption-block'><div class='text-wrapper'><span class='title'>DSC_0096<\/span><\/div><\/div><\/a><div class='ftg-social'><\/div><\/div><div  class='tile ftg-preload  '><a title=\"DSC_0422\" data-lightbox=\"ftg-33\" rel=\"ftg-33\" class=\" tile-inner  ftg-lightbox\" href=\"https:\/\/www.leviolonsabot.com\/wp-content\/uploads\/2022\/04\/DSC_0422-685x1024.jpg\"><img alt='DSC_0422' class='item skip-lazy' data-class='item' data-ftg-source='https:\/\/www.leviolonsabot.com\/wp-content\/uploads\/2022\/04\/DSC_0422-685x1024.jpg' src='https:\/\/www.leviolonsabot.com\/wp-content\/uploads\/2022\/04\/DSC_0422-685x1024.jpg' width='685' height='1024' \/><div class='caption-block'><div class='text-wrapper'><span class='title'>DSC_0422<\/span><\/div><\/div><\/a><div class='ftg-social'><\/div><\/div><div  class='tile ftg-preload  '><a title=\"DSC_0423\" data-lightbox=\"ftg-33\" rel=\"ftg-33\" class=\" tile-inner  ftg-lightbox\" href=\"https:\/\/www.leviolonsabot.com\/wp-content\/uploads\/2022\/04\/DSC_0423-685x1024.jpg\"><img alt='DSC_0423' class='item skip-lazy' data-class='item' data-ftg-source='https:\/\/www.leviolonsabot.com\/wp-content\/uploads\/2022\/04\/DSC_0423-685x1024.jpg' src='https:\/\/www.leviolonsabot.com\/wp-content\/uploads\/2022\/04\/DSC_0423-685x1024.jpg' width='685' height='1024' \/><div class='caption-block'><div class='text-wrapper'><span class='title'>DSC_0423<\/span><\/div><\/div><\/a><div class='ftg-social'><\/div><\/div><div  class='tile ftg-preload  '><a title=\"DSC_0426\" data-lightbox=\"ftg-33\" rel=\"ftg-33\" class=\" tile-inner  ftg-lightbox\" href=\"https:\/\/www.leviolonsabot.com\/wp-content\/uploads\/2022\/04\/DSC_0426-685x1024.jpg\"><img alt='DSC_0426' class='item skip-lazy' data-class='item' data-ftg-source='https:\/\/www.leviolonsabot.com\/wp-content\/uploads\/2022\/04\/DSC_0426-685x1024.jpg' src='https:\/\/www.leviolonsabot.com\/wp-content\/uploads\/2022\/04\/DSC_0426-685x1024.jpg' width='685' height='1024' \/><div class='caption-block'><div class='text-wrapper'><span class='title'>DSC_0426<\/span><\/div><\/div><\/a><div class='ftg-social'><\/div><\/div><div  class='tile ftg-preload  '><a title=\"DSC_0429\" data-lightbox=\"ftg-33\" rel=\"ftg-33\" class=\" tile-inner  ftg-lightbox\" href=\"https:\/\/www.leviolonsabot.com\/wp-content\/uploads\/2022\/04\/DSC_0429-685x1024.jpg\"><img alt='DSC_0429' class='item skip-lazy' data-class='item' data-ftg-source='https:\/\/www.leviolonsabot.com\/wp-content\/uploads\/2022\/04\/DSC_0429-685x1024.jpg' src='https:\/\/www.leviolonsabot.com\/wp-content\/uploads\/2022\/04\/DSC_0429-685x1024.jpg' width='685' height='1024' \/><div class='caption-block'><div class='text-wrapper'><span class='title'>DSC_0429<\/span><\/div><\/div><\/a><div class='ftg-social'><\/div><\/div><div  class='tile ftg-preload  '><a title=\"DSC_0435\" data-lightbox=\"ftg-33\" rel=\"ftg-33\" class=\" tile-inner  ftg-lightbox\" href=\"https:\/\/www.leviolonsabot.com\/wp-content\/uploads\/2022\/04\/DSC_0435-685x1024.jpg\"><img alt='DSC_0435' class='item skip-lazy' data-class='item' data-ftg-source='https:\/\/www.leviolonsabot.com\/wp-content\/uploads\/2022\/04\/DSC_0435-685x1024.jpg' src='https:\/\/www.leviolonsabot.com\/wp-content\/uploads\/2022\/04\/DSC_0435-685x1024.jpg' width='685' height='1024' \/><div class='caption-block'><div class='text-wrapper'><span class='title'>DSC_0435<\/span><\/div><\/div><\/a><div class='ftg-social'><\/div><\/div><div  class='tile ftg-preload  '><a title=\"DSC_0436\" data-lightbox=\"ftg-33\" rel=\"ftg-33\" class=\" tile-inner  ftg-lightbox\" href=\"https:\/\/www.leviolonsabot.com\/wp-content\/uploads\/2022\/04\/DSC_0436-685x1024.jpg\"><img alt='DSC_0436' class='item skip-lazy' data-class='item' data-ftg-source='https:\/\/www.leviolonsabot.com\/wp-content\/uploads\/2022\/04\/DSC_0436-685x1024.jpg' src='https:\/\/www.leviolonsabot.com\/wp-content\/uploads\/2022\/04\/DSC_0436-685x1024.jpg' width='685' height='1024' \/><div class='caption-block'><div class='text-wrapper'><span class='title'>DSC_0436<\/span><\/div><\/div><\/a><div class='ftg-social'><\/div><\/div><div  class='tile ftg-preload  '><a title=\"DSC_0438\" data-lightbox=\"ftg-33\" rel=\"ftg-33\" class=\" tile-inner  ftg-lightbox\" href=\"https:\/\/www.leviolonsabot.com\/wp-content\/uploads\/2022\/04\/DSC_0438-685x1024.jpg\"><img alt='DSC_0438' class='item skip-lazy' data-class='item' data-ftg-source='https:\/\/www.leviolonsabot.com\/wp-content\/uploads\/2022\/04\/DSC_0438-685x1024.jpg' src='https:\/\/www.leviolonsabot.com\/wp-content\/uploads\/2022\/04\/DSC_0438-685x1024.jpg' width='685' height='1024' \/><div class='caption-block'><div class='text-wrapper'><span class='title'>DSC_0438<\/span><\/div><\/div><\/a><div class='ftg-social'><\/div><\/div><div  class='tile ftg-preload  '><a title=\"DSC_0056\" data-lightbox=\"ftg-33\" rel=\"ftg-33\" class=\" tile-inner  ftg-lightbox\" href=\"https:\/\/www.leviolonsabot.com\/wp-content\/uploads\/2022\/04\/DSC_0056-685x1024.jpg\"><img alt='DSC_0056' class='item skip-lazy' data-class='item' data-ftg-source='https:\/\/www.leviolonsabot.com\/wp-content\/uploads\/2022\/04\/DSC_0056-685x1024.jpg' src='https:\/\/www.leviolonsabot.com\/wp-content\/uploads\/2022\/04\/DSC_0056-685x1024.jpg' width='685' height='1024' \/><div class='caption-block'><div class='text-wrapper'><span class='title'>DSC_0056<\/span><\/div><\/div><\/a><div class='ftg-social'><\/div><\/div><div  class='tile ftg-preload  '><a title=\"DSC_0058\" data-lightbox=\"ftg-33\" rel=\"ftg-33\" class=\" tile-inner  ftg-lightbox\" href=\"https:\/\/www.leviolonsabot.com\/wp-content\/uploads\/2022\/04\/DSC_0058-685x1024.jpg\"><img alt='DSC_0058' class='item skip-lazy' data-class='item' data-ftg-source='https:\/\/www.leviolonsabot.com\/wp-content\/uploads\/2022\/04\/DSC_0058-685x1024.jpg' src='https:\/\/www.leviolonsabot.com\/wp-content\/uploads\/2022\/04\/DSC_0058-685x1024.jpg' width='685' height='1024' \/><div class='caption-block'><div class='text-wrapper'><span class='title'>DSC_0058<\/span><\/div><\/div><\/a><div class='ftg-social'><\/div><\/div><div  class='tile ftg-preload  '><a title=\"DSC_0059\" data-lightbox=\"ftg-33\" rel=\"ftg-33\" class=\" tile-inner  ftg-lightbox\" href=\"https:\/\/www.leviolonsabot.com\/wp-content\/uploads\/2022\/04\/DSC_0059-685x1024.jpg\"><img alt='DSC_0059' class='item skip-lazy' data-class='item' data-ftg-source='https:\/\/www.leviolonsabot.com\/wp-content\/uploads\/2022\/04\/DSC_0059-685x1024.jpg' src='https:\/\/www.leviolonsabot.com\/wp-content\/uploads\/2022\/04\/DSC_0059-685x1024.jpg' width='685' height='1024' \/><div class='caption-block'><div class='text-wrapper'><span class='title'>DSC_0059<\/span><\/div><\/div><\/a><div class='ftg-social'><\/div><\/div><div  class='tile ftg-preload  '><a title=\"DSC_0062\" data-lightbox=\"ftg-33\" rel=\"ftg-33\" class=\" tile-inner  ftg-lightbox\" href=\"https:\/\/www.leviolonsabot.com\/wp-content\/uploads\/2022\/04\/DSC_0062-685x1024.jpg\"><img alt='DSC_0062' class='item skip-lazy' data-class='item' data-ftg-source='https:\/\/www.leviolonsabot.com\/wp-content\/uploads\/2022\/04\/DSC_0062-685x1024.jpg' src='https:\/\/www.leviolonsabot.com\/wp-content\/uploads\/2022\/04\/DSC_0062-685x1024.jpg' width='685' height='1024' \/><div class='caption-block'><div class='text-wrapper'><span class='title'>DSC_0062<\/span><\/div><\/div><\/a><div class='ftg-social'><\/div><\/div><div  class='tile ftg-preload  '><a title=\"DSC_0073\" data-lightbox=\"ftg-33\" rel=\"ftg-33\" class=\" tile-inner  ftg-lightbox\" href=\"https:\/\/www.leviolonsabot.com\/wp-content\/uploads\/2022\/04\/DSC_0073-685x1024.jpg\"><img alt='DSC_0073' class='item skip-lazy' data-class='item' data-ftg-source='https:\/\/www.leviolonsabot.com\/wp-content\/uploads\/2022\/04\/DSC_0073-685x1024.jpg' src='https:\/\/www.leviolonsabot.com\/wp-content\/uploads\/2022\/04\/DSC_0073-685x1024.jpg' width='685' height='1024' \/><div class='caption-block'><div class='text-wrapper'><span class='title'>DSC_0073<\/span><\/div><\/div><\/a><div class='ftg-social'><\/div><\/div><div  class='tile ftg-preload  '><a title=\"2021-09-11_vide-dressing-solidaire_059\" data-lightbox=\"ftg-33\" rel=\"ftg-33\" class=\" tile-inner  ftg-lightbox\" href=\"https:\/\/www.leviolonsabot.com\/wp-content\/uploads\/2022\/04\/2021-09-11_vide-dressing-solidaire_059-1024x683.jpg\"><img alt='2021-09-11_vide-dressing-solidaire_059' class='item skip-lazy' data-class='item' data-ftg-source='https:\/\/www.leviolonsabot.com\/wp-content\/uploads\/2022\/04\/2021-09-11_vide-dressing-solidaire_059-1024x683.jpg' src='https:\/\/www.leviolonsabot.com\/wp-content\/uploads\/2022\/04\/2021-09-11_vide-dressing-solidaire_059-1024x683.jpg' width='1024' height='683' \/><div class='caption-block'><div class='text-wrapper'><span class='title'>2021-09-11_vide-dressing-solidaire_059<\/span><\/div><\/div><\/a><div class='ftg-social'><\/div><\/div><div  class='tile ftg-preload  '><a title=\"2021-09-11_vide-dressing-solidaire_069\" data-lightbox=\"ftg-33\" rel=\"ftg-33\" class=\" tile-inner  ftg-lightbox\" href=\"https:\/\/www.leviolonsabot.com\/wp-content\/uploads\/2022\/04\/2021-09-11_vide-dressing-solidaire_069-1024x683.jpg\"><img alt='2021-09-11_vide-dressing-solidaire_069' class='item skip-lazy' data-class='item' data-ftg-source='https:\/\/www.leviolonsabot.com\/wp-content\/uploads\/2022\/04\/2021-09-11_vide-dressing-solidaire_069-1024x683.jpg' src='https:\/\/www.leviolonsabot.com\/wp-content\/uploads\/2022\/04\/2021-09-11_vide-dressing-solidaire_069-1024x683.jpg' width='1024' height='683' \/><div class='caption-block'><div class='text-wrapper'><span class='title'>2021-09-11_vide-dressing-solidaire_069<\/span><\/div><\/div><\/a><div class='ftg-social'><\/div><\/div><\/div><\/div><\/p>\n<\/div><\/div>\n","protected":false},"excerpt":{"rendered":"<p>Codario &#8211; Sur la piste des violons sauvages Deux violonistes et beaucoup de violons ! Nous avons avec nous une douzaine de violons : violons de luthiers, violons r\u00e9cup\u00e9r\u00e9s ou encore fabriqu\u00e9s par nos soins. Avec tous ces violons d\u2019allures, d\u2019origines et de timbres diff\u00e9rents, nous racontons des histoires, tant\u00f4t sous forme de musiques, tant\u00f4t&hellip;&nbsp;<a href=\"https:\/\/www.leviolonsabot.com\/index.php\/codario\/\" class=\"\" rel=\"bookmark\">Lire la suite &raquo;<span class=\"screen-reader-text\">Codario<\/span><\/a><\/p>\n","protected":false},"author":1,"featured_media":0,"parent":0,"menu_order":0,"comment_status":"closed","ping_status":"closed","template":"","meta":{"neve_meta_sidebar":"","neve_meta_container":"","neve_meta_enable_content_width":"on","neve_meta_content_width":100,"neve_meta_title_alignment":"","neve_meta_author_avatar":"","neve_post_elements_order":"","neve_meta_disable_header":"","neve_meta_disable_footer":"","neve_meta_disable_title":"on","footnotes":""},"class_list":["post-16","page","type-page","status-publish","hentry"],"_links":{"self":[{"href":"https:\/\/www.leviolonsabot.com\/index.php\/wp-json\/wp\/v2\/pages\/16","targetHints":{"allow":["GET"]}}],"collection":[{"href":"https:\/\/www.leviolonsabot.com\/index.php\/wp-json\/wp\/v2\/pages"}],"about":[{"href":"https:\/\/www.leviolonsabot.com\/index.php\/wp-json\/wp\/v2\/types\/page"}],"author":[{"embeddable":true,"href":"https:\/\/www.leviolonsabot.com\/index.php\/wp-json\/wp\/v2\/users\/1"}],"replies":[{"embeddable":true,"href":"https:\/\/www.leviolonsabot.com\/index.php\/wp-json\/wp\/v2\/comments?post=16"}],"version-history":[{"count":70,"href":"https:\/\/www.leviolonsabot.com\/index.php\/wp-json\/wp\/v2\/pages\/16\/revisions"}],"predecessor-version":[{"id":1062,"href":"https:\/\/www.leviolonsabot.com\/index.php\/wp-json\/wp\/v2\/pages\/16\/revisions\/1062"}],"wp:attachment":[{"href":"https:\/\/www.leviolonsabot.com\/index.php\/wp-json\/wp\/v2\/media?parent=16"}],"curies":[{"name":"wp","href":"https:\/\/api.w.org\/{rel}","templated":true}]}}