{"id":18,"date":"2021-10-13T14:55:37","date_gmt":"2021-10-13T12:55:37","guid":{"rendered":"https:\/\/www.leviolonsabot.com\/?page_id=18"},"modified":"2023-07-08T18:57:42","modified_gmt":"2023-07-08T16:57:42","slug":"liens","status":"publish","type":"page","link":"https:\/\/www.leviolonsabot.com\/index.php\/liens\/","title":{"rendered":"Liens"},"content":{"rendered":"\n<h1 class=\"has-text-align-center wp-block-heading\"><mark style=\"background-color:rgba(0, 0, 0, 0);color:#88001b\" class=\"has-inline-color\">Liens<\/mark><\/h1>\n\n\n\n<p class=\"has-text-align-center has-nv-dark-bg-background-color has-background\"><a href=\"https:\/\/www.codario.net\/\" data-type=\"URL\" data-id=\"https:\/\/www.codario.net\/\" target=\"_blank\" rel=\"noreferrer noopener\"><mark style=\"background-color:rgba(0, 0, 0, 0);color:#88001b\" class=\"has-inline-color\">Codario<\/mark><\/a>, duo \u00e0 violons multiples<br><a href=\"https:\/\/lasolive.fr\/\" data-type=\"URL\" data-id=\"https:\/\/lasolive.fr\/\" target=\"_blank\" rel=\"noreferrer noopener\"><mark style=\"background-color:rgba(0, 0, 0, 0);color:#88001b\" class=\"has-inline-color\">La Solive<\/mark><\/a>, groupe de musique \u00e0 danser<br><a href=\"http:\/\/plusdunevoix.fr\/\" data-type=\"URL\" data-id=\"http:\/\/plusdunevoix.fr\/\" target=\"_blank\" rel=\"noreferrer noopener\"><mark style=\"background-color:rgba(0, 0, 0, 0);color:#88001b\" class=\"has-inline-color\">Plus d&rsquo;une voix<\/mark><\/a>, compagnie de th\u00e9\u00e2tre en musique<br><a href=\"https:\/\/www.voyagesurpapier.fr\/\" data-type=\"URL\" data-id=\"https:\/\/www.voyagesurpapier.fr\/\" target=\"_blank\" rel=\"noreferrer noopener\"><mark style=\"background-color:rgba(0, 0, 0, 0);color:#88001b\" class=\"has-inline-color\">Voyage sur papier<\/mark><\/a>, Atelier Voyage sur Papier, gra<mark style=\"background-color:rgba(0, 0, 0, 0);color:#0071a1\" class=\"has-inline-color\"><\/mark>vure, illustration<br> <a href=\"http:\/\/plusdunevoix.fr\/\" data-type=\"URL\" data-id=\"http:\/\/plusdunevoix.fr\/\" target=\"_blank\" rel=\"noreferrer noopener\"><mark style=\"background-color:rgba(0, 0, 0, 0);color:#88001b\" class=\"has-inline-color\">Plus d&rsquo;une voix<\/mark><\/a>, compagnie de th\u00e9\u00e2tre en musique<br><a href=\"https:\/\/thomasgutehrle.com\/\" target=\"_blank\" rel=\"noreferrer noopener\"><mark style=\"background-color:rgba(0, 0, 0, 0);color:#88001b\" class=\"has-inline-color\">Thomas Gutehrl\u00e9<\/mark><\/a><mark style=\"background-color:rgba(0, 0, 0, 0)\" class=\"has-inline-color has-nv-light-bg-color\"><\/mark>, musicien et compositeur<br><a href=\"http:\/\/unecertaineplume.fr\/\" data-type=\"URL\" data-id=\"http:\/\/unecertaineplume.fr\/\" target=\"_blank\" rel=\"noreferrer noopener\"><mark style=\"background-color:rgba(0, 0, 0, 0);color:#88001b\" class=\"has-inline-color\">\u00c9lise Tourte<\/mark><\/a>, conseil en \u00e9criture<\/p>\n","protected":false},"excerpt":{"rendered":"<p>Liens Codario, duo \u00e0 violons multiplesLa Solive, groupe de musique \u00e0 danserPlus d&rsquo;une voix, compagnie de th\u00e9\u00e2tre en musiqueVoyage sur papier, Atelier Voyage sur Papier, gravure, illustration Plus d&rsquo;une voix, compagnie de th\u00e9\u00e2tre en musiqueThomas Gutehrl\u00e9, musicien et compositeur\u00c9lise Tourte, conseil en \u00e9criture<\/p>\n","protected":false},"author":1,"featured_media":0,"parent":0,"menu_order":0,"comment_status":"closed","ping_status":"closed","template":"","meta":{"neve_meta_sidebar":"","neve_meta_container":"","neve_meta_enable_content_width":"on","neve_meta_content_width":100,"neve_meta_title_alignment":"","neve_meta_author_avatar":"","neve_post_elements_order":"","neve_meta_disable_header":"","neve_meta_disable_footer":"","neve_meta_disable_title":"on","footnotes":""},"class_list":["post-18","page","type-page","status-publish","hentry"],"_links":{"self":[{"href":"https:\/\/www.leviolonsabot.com\/index.php\/wp-json\/wp\/v2\/pages\/18","targetHints":{"allow":["GET"]}}],"collection":[{"href":"https:\/\/www.leviolonsabot.com\/index.php\/wp-json\/wp\/v2\/pages"}],"about":[{"href":"https:\/\/www.leviolonsabot.com\/index.php\/wp-json\/wp\/v2\/types\/page"}],"author":[{"embeddable":true,"href":"https:\/\/www.leviolonsabot.com\/index.php\/wp-json\/wp\/v2\/users\/1"}],"replies":[{"embeddable":true,"href":"https:\/\/www.leviolonsabot.com\/index.php\/wp-json\/wp\/v2\/comments?post=18"}],"version-history":[{"count":16,"href":"https:\/\/www.leviolonsabot.com\/index.php\/wp-json\/wp\/v2\/pages\/18\/revisions"}],"predecessor-version":[{"id":636,"href":"https:\/\/www.leviolonsabot.com\/index.php\/wp-json\/wp\/v2\/pages\/18\/revisions\/636"}],"wp:attachment":[{"href":"https:\/\/www.leviolonsabot.com\/index.php\/wp-json\/wp\/v2\/media?parent=18"}],"curies":[{"name":"wp","href":"https:\/\/api.w.org\/{rel}","templated":true}]}}