{"id":489,"date":"2022-04-15T11:15:02","date_gmt":"2022-04-15T09:15:02","guid":{"rendered":"https:\/\/www.leviolonsabot.com\/?page_id=489"},"modified":"2026-03-04T14:17:06","modified_gmt":"2026-03-04T13:17:06","slug":"la-compagnie-2","status":"publish","type":"page","link":"https:\/\/www.leviolonsabot.com\/","title":{"rendered":"La compagnie"},"content":{"rendered":"\n<h2 class=\"wp-block-heading has-text-align-center has-nv-site-bg-background-color has-background\">Bienvenue sur le site de la Compagnie Le Violon-Sabot !<\/h2>\n\n\n\n<p class=\"has-text-align-center has-nv-site-bg-background-color has-background\">La compagnie Le Violon\u2011Sabot est une compagnie fond\u00e9e en 2022 dans la R\u00e9gion Grand Est. Elle \u00e9volue dans le champ de la musique et du spectacle vivant en explorant et r\u00e9inventant les musiques traditionnelles europ\u00e9ennes.<br><br>Inspir\u00e9e par le violon-sabot, instrument populaire fabriqu\u00e9 avec peu de moyens, elle d\u00e9fend une approche sensible, accessible, participative et collective de la cr\u00e9ation artistique.<br><br>Entre transmission, f\u00eate et rencontres, ses projets m\u00ealent musique, danse, paroles et participation du public. Le Violon\u2011Sabot place la convivialit\u00e9 au c\u0153ur de son travail avec le d\u00e9sir de faire du spectacle un moment toujours partag\u00e9 et vivant.<\/p>\n\n\n\n<div class=\"wp-block-buttons is-layout-flex wp-block-buttons-is-layout-flex\"><\/div>\n","protected":false},"excerpt":{"rendered":"<p>Bienvenue sur le site de la Compagnie Le Violon-Sabot ! La compagnie Le Violon\u2011Sabot est une compagnie fond\u00e9e en 2022 dans la R\u00e9gion Grand Est. Elle \u00e9volue dans le champ de la musique et du spectacle vivant en explorant et r\u00e9inventant les musiques traditionnelles europ\u00e9ennes. Inspir\u00e9e par le violon-sabot, instrument populaire fabriqu\u00e9 avec peu de&hellip;&nbsp;<a href=\"https:\/\/www.leviolonsabot.com\/\" class=\"\" rel=\"bookmark\">Lire la suite &raquo;<span class=\"screen-reader-text\">La compagnie<\/span><\/a><\/p>\n","protected":false},"author":1,"featured_media":0,"parent":0,"menu_order":0,"comment_status":"closed","ping_status":"closed","template":"","meta":{"neve_meta_sidebar":"","neve_meta_container":"","neve_meta_enable_content_width":"","neve_meta_content_width":0,"neve_meta_title_alignment":"","neve_meta_author_avatar":"","neve_post_elements_order":"","neve_meta_disable_header":"","neve_meta_disable_footer":"","neve_meta_disable_title":"","footnotes":""},"class_list":["post-489","page","type-page","status-publish","hentry"],"_links":{"self":[{"href":"https:\/\/www.leviolonsabot.com\/index.php\/wp-json\/wp\/v2\/pages\/489","targetHints":{"allow":["GET"]}}],"collection":[{"href":"https:\/\/www.leviolonsabot.com\/index.php\/wp-json\/wp\/v2\/pages"}],"about":[{"href":"https:\/\/www.leviolonsabot.com\/index.php\/wp-json\/wp\/v2\/types\/page"}],"author":[{"embeddable":true,"href":"https:\/\/www.leviolonsabot.com\/index.php\/wp-json\/wp\/v2\/users\/1"}],"replies":[{"embeddable":true,"href":"https:\/\/www.leviolonsabot.com\/index.php\/wp-json\/wp\/v2\/comments?post=489"}],"version-history":[{"count":31,"href":"https:\/\/www.leviolonsabot.com\/index.php\/wp-json\/wp\/v2\/pages\/489\/revisions"}],"predecessor-version":[{"id":1206,"href":"https:\/\/www.leviolonsabot.com\/index.php\/wp-json\/wp\/v2\/pages\/489\/revisions\/1206"}],"wp:attachment":[{"href":"https:\/\/www.leviolonsabot.com\/index.php\/wp-json\/wp\/v2\/media?parent=489"}],"curies":[{"name":"wp","href":"https:\/\/api.w.org\/{rel}","templated":true}]}}