{"id":501,"date":"2022-04-15T11:25:06","date_gmt":"2022-04-15T09:25:06","guid":{"rendered":"https:\/\/www.leviolonsabot.com\/?page_id=501"},"modified":"2026-03-04T14:32:51","modified_gmt":"2026-03-04T13:32:51","slug":"actualites","status":"publish","type":"page","link":"https:\/\/www.leviolonsabot.com\/index.php\/actualites\/","title":{"rendered":"Actualit\u00e9s"},"content":{"rendered":"\n<p class=\"has-text-align-center has-neve-text-color-color has-nv-dark-bg-background-color has-text-color has-background\"><strong>JUIN 2026<\/strong><br>28 juin : <em>Vus du ciel<\/em>, Festival Kikloche, Saint Aubin de Locquenay (72) : Codario<br>21 juin : Bal folk \u00e0 La Mironde, Gundershoffen (67)<br>20 juin : Bal folk pour la journ\u00e9e de la parentalit\u00e9, Ingwiller (67) : La Solive<br>13 juin : Bal au Vivarium \u00e0 Vill\u00e9 (67) : Codario<br><br><strong>MAI 2026<\/strong><br>30 mai : Bal folk, salle Milius, Illkirch Graffenstaden (67) : La Solive<br>23 mai : Bal folk, F\u00eate du bilinguisme, place Gutenberg, Strasbourg (67) : La Solive<br><br><strong>AVRIL 2026<\/strong><br>11 avril : <em>Vus du ciel<\/em>, La Forge, Rixheim (68) : Codario<br>10 avril : <em>Sur la piste des violons sauvages<\/em>, jeune public, m\u00e9diath\u00e8que de Kingersheim (68) : Codario<br>8 avril : <em>Vus du ciel<\/em>, M\u00e9diath\u00e8que, Mulhouse (68) : Codario<br><br><strong>MARS 2026<\/strong><br>17 mars : Concert pour la Saint Patrick : La Solive<br>14 mars : Bal au foyer Saint-Arbogast, Strasbourg (67) : La Solive<br>7 mars : Bal au Vivarium \u00e0 Vill\u00e9 (67) : Codario<br>3 mars : <em>Sur la piste des violons sauvages<\/em>, salle des Brasseurs, Lutterbach (68) : Codario<br><br><strong>JANVIER 2026<\/strong><br>24 janvier : <em>Vus du ciel<\/em> au Caveau, Fegersheim (67) : Codario<br><br><strong>NOVEMBRE 2025<\/strong><br>8 novembre : Bal au Vivarium \u00e0 Vill\u00e9 (67) : Codario<br><br><strong>SEPTEMBRE 2025<\/strong><br>27 septembre : Bal priv\u00e9, mariage (67) : La Solive<br>20 septembre : Bal pour la DRAC Grand Est au Palais du Rhin,Strasbourg (67) : La Solive<br><br><strong>AO\u00dbT 2025<\/strong><br>16 ao\u00fbt : <em>Sur la piste des violons sauvages<\/em>, Eglise de Sainte-Anne (25) : Codario<br>10 ao\u00fbt : Bal pour l&rsquo;association H\u00e9licoop, Le Saulcy (88) : La Solive<br>4 au 8 ao\u00fbt : La bo\u00eete \u00e0 musique au Mus\u00e9e de la Lutherie, Mirecourt (88) : Codario<br><br><strong>JUIN 2025<\/strong><br>24 juin : Bal au Summerfest, Sch\u00f6nberg (Allemagne) : Duo Edelmann-Freudenreich<br>13 juin : Bal pour l&rsquo;association Invenit, Attigny (08) : La Solive<br><br><strong>MAI 2025<\/strong><br>13 mai : Bal avec les \u00e9coles primaires d&rsquo;Ingwiller et La Petite Pierre : La Solive<br>Tout le mois : ateliers de danses avec 6 classes d&rsquo;\u00e9cole primaire de la CC de Hanau-La Petite Pierre<br><br><strong>AVRIL 2025<\/strong><br>25 avril : Bal Contra Dance avec Tom Freudenreich, Karsruhe (Allemagne)<br>Tout le mois : ateliers de danses avec 6 classes d&rsquo;\u00e9cole primaire de la CC de Hanau-La Petite Pierre<br><br><strong>MARS 2025<\/strong><br>29 mars : Concert tout public au Vivarium, Vill\u00e9 (67) : Codario<br>28 mars : Concerts jeunes public au Vivarium, Vill\u00e9 (67) : Codario<br>16 mars : F\u00eate de Saint Patrick avec l&rsquo;\u00e9cole de musique du Neudorf, Strasbourg (67) : La Solive<br>Tout le mois : ateliers de danses avec 6 classes d&rsquo;\u00e9cole primaire de la CC de Hanau-La Petite Pierre<br><br><strong>F\u00c9VRIER 2025<\/strong><br>6 f\u00e9vrier : Coll\u00e8ge des Sept Vall\u00e9es, Hesdin (62) : La Solive<br>4 f\u00e9vrier : Coll\u00e8ge Le Trion, Samer (62) : La Solive<br><br><strong>JANVIER 2025<\/strong><br>28 janvier : Concert pour les \u00e9coles d&rsquo;Ingwiller et La Petite Pierre (67) : Codario<br><br><strong>D\u00c9CEMBRE 2024<\/strong><br>14 d\u00e9cembre : Concert \u00e0 la m\u00e9diath\u00e8que \u00ab\u00a0L\u2019\u00e9toffe des mots\u00a0\u00bb, Fellering (68) : The Houx<br>7 d\u00e9cembre : Concert \u00e0 la m\u00e9diath\u00e8que de Saint-Louis (68) : Codario<br>6 d\u00e9cembre : Concert pour l&rsquo;association Osez les arts, Andlau (67) : The Houx<br>1er d\u00e9cembre : Concert dans l&rsquo;\u00e9glise de Saulxures (67) : The Houx<br><br><strong>NOVEMBRE 2024<\/strong><br>29 novembre : Concert pour No\u00ebl se recycle, Kingersheim (68) : The Houx<br>9 novembre : Bal le conservatoire de Bar-le-Duc, Bar-le-Duc (55) : La Solive<br>8 novembre : Concert au Caveau, Fegersheim (67) : Codario<br><br><strong>OCTOBRE 2024<\/strong><br>5 octobre : Bal pour l&rsquo;association H\u00e9ron, Reichshoffen (67) : La Clairi\u00e8re<br><br><strong>SEPTEMBRE 2024<\/strong><br>28 et 29 septembre : Concert au Festival de la Soupe \u00e0 Sainte-Croix-aux-Mines (68) : Codario<br>22 septembre : Bal au Festival \u00ab\u00a0Sans Voiture Simone\u00a0\u00bb, Strasbourg (67) : La Solive<br>21 septembre : Bal \u00e0 la Drac au Palais du Rhin, Strasbourg (67) : La Solive<br>6 septembre : Concert \u00e0 la Ferme bleue, Uttenhoffen (67) : Codario<br><br><strong>AO\u00dbT 2024<\/strong><br>23 ao\u00fbt : Concert au mus\u00e9e de la lutherie, Mirecourt (88) : Codario<br>19 au 23 ao\u00fbt : La bo\u00eete \u00e0 musique au Mus\u00e9e de la Lutherie, Mirecourt (88) : Codario<br><br><strong>JUIN 2024<\/strong><br>28 juin : Bal au Caveau, S\u00e9lestat (67) : La Solive<br>25 juin : Coll\u00e8ge Mc Mahon et Kochersberg (67) : La Clairi\u00e8re<br>15 juin : Eschau-Nature, Eschau (67) : La Clairi\u00e8re<br>8 juin : Bal \u00e0 la Mironde, Gundershoffen (67) : La Solive<br><br><strong>MAI 2024<\/strong><br>25 mai : Centre Hospitalier d\u2019Erstein, Erstein (67) : La Solive<br>18 mai : F\u00eate du bilinguisme, Strasbourg (67) : La Solive<br>10 mai : Foire \u00c9co-Bio, Colmar (68) : La Solive<br><br><strong>AVRIL 2024<\/strong><br>7 avril : H\u00e9licoop, Le Saulcy (88) : Codario<br><br><strong>MARS 2024<\/strong><br>17 mars : Bal au CSC Montagne verte, Strasbourg (67) : La Solive<br><br><strong>F\u00c9VRIER 2024<\/strong><br>18 f\u00e9vrier, F\u00eate du Violon, Luzy (58) : Codario<br>17 f\u00e9vrier, F\u00eate du Violon, Luzy (58) : La Solive<br>15 f\u00e9vrier : Coll\u00e8ge des Sept Vall\u00e9es, Hesdin (62) : La Solive<br><br><strong>JANVIER 2024<\/strong><br>24 janvier : Maison de la Nature du Ried et de l&rsquo;Alsace centrale, Muttersholtz (67) : La Solive<br><br><strong>D\u00c9CEMBRE 2023<\/strong><br>15 d\u00e9cembre : Coll\u00e8ge Le Trion, Samer (62) : La Solive<br>9 d\u00e9cembre : Artopie, Meisenthal (57) : The Houx<br>8 d\u00e9cembre : Semancerie, Strasbourg (67) : The Houx<br>2 d\u00e9cembre : Parc de la maison alsacienne de Reichstett (67) : La Solive<br>1er d\u00e9cembre : Oasis MultiKulti, Mietesheim (67) : The Houx<br><br><strong>OCTOBRE 2023<\/strong><br>28 octobre : Restaurant Seasonova, Oberbronn (67) : La Clairi\u00e8re<br><br><strong>SEPTEMBRE 2023<\/strong><br>29 septembre : Festival de la g\u00e9ographie, Saint-Di\u00e9-des-Vosges (88) : La Solive<br>23 septembre : Ateliers \u00e9clair\u00e9s, Strasbourg (67) : La Solive<br>16 septembre : Bal animation \u00e0 la Drac Palais du Rhin, Strasbourg (67) : La Solive<br>2 septembre : Salle communale, Crouzet (29) : La Solive<br>2 septembre : F\u00eate du H\u00e9ron, Reichshoffen (67) : La Clairi\u00e8re<br><br><strong>AO\u00dbT 2023<\/strong> (TOURN\u00c9E AU QU\u00c9BEC)<br>13 ao\u00fbt : concert \u00e0 l&rsquo;espace T\u00e9tros \u00e0 Montr\u00e9al, Qu\u00e9bec : Codario<br>16 ao\u00fbt : concert au Bar \u00e0 Piton, Chicoutimi, Qu\u00e9bec : Codario et La Solive<br>18 ao\u00fbt : Initiation et bal au Festival des Violons Trad de Sutton, Qu\u00e9bec : La Solive<br>19 ao\u00fbt : atelier et bal au Festival des Violons Trad de Suttons, Qu\u00e9bec : La Solive<br>20 ao\u00fbt : concert, festival des Violons Trad de Suttons, Qu\u00e9bec : Codario<br>site : <a href=\"https:\/\/violontraditionnelsutton.com\/\" target=\"_blank\" rel=\"noopener\">https:\/\/violontraditionnelsutton.com\/<\/a><br>21 ao\u00fbt : concert, Labo Trad \u00e0 Montr\u00e9al, Qu\u00e9bec : Codario<br>23 ao\u00fbt : atelier de danse, Bal Folk Montr\u00e9al, Qu\u00e9bec : La Solive<br>25 ao\u00fbt : bal au Grand Bal Folk du Qu\u00e9bec, Hatley, QC J0B 4B0 : La Solive<br>26 ao\u00fbt : Grand Bal Folk du Qu\u00e9bec, Hatley, QC J0B 4B0 : atelier de danse et bal La Solive<br>site : <a href=\"https:\/\/www.grandbalduquebec.com\/\" target=\"_blank\" rel=\"noopener\">https:\/\/www.grandbalduquebec.com\/<\/a><br><br><strong>JUILLET 2023<\/strong><br>23 juillet : Festival Les Habit\u00e9,Lingolsheim (67) : Codario<br><strong>JUIN 2023<\/strong><br>29 juin : coll\u00e8ge de Reichshoffen (67) : La Solive<br>13 juin : coll\u00e8ge de Bitche (57) : La Solive<br>4 juin : festival des possibles \u00e0 Strasbourg (67) : La Solive<br><strong>MAI 2023<\/strong><br>20 mai : Morimont \u00e0 Oberlarg (68)<br><strong>AVRIL 2023<\/strong><br>30 avril : concert \u00e0 la Mironde \u00e0 Gundershoffen (67) : La Solive<br>3 et 4 avril : conservatoire de Grand-Couronne (76) : Codario<br>1er avril : bal folk au s&rsquo;Narreschiff \u00e0 Illkirch Graffenstaden (67) : La Solive<br><strong>MARS 2023<\/strong><br>22 et 23 mars : CLEM \u00e0 Ligny-en-Barrois (55) : Codario<br>17 mars : \u00e9cole de musique de P\u00f4le Sud \u00e0 Strasbourg (67) : Codario et La Solive<br>17 mars : coll\u00e8ge de Rhinau (67) : La Solive<br><strong>F\u00c9VRIER 2023<\/strong><br>4 f\u00e9vrier : m\u00e9diath\u00e8que de Saint-Louis (68) : Codario<br><strong>D\u00c9CEMBRE 2022<\/strong><br>16 d\u00e9cembre : Maison d&rsquo;arr\u00eat d&rsquo;Ensisheim (68) : Codario<br><strong>NOVEMBRE 2022<\/strong><br>25 novembre : La F\u00eate des Lumi\u00e8res \u00e0 Gundershoffen (67) : Codario<br><strong>OCTOBRE 2022<\/strong><br>15 octobre : Conservatoire de Bar-le-Duc (55) : Codario<br>1er octobre : bal folk au Lazaret \u00e0 Strasbourg (67) : La Solive<br><strong>SEPTEMBRE 2022<\/strong><br>24 septembre : F\u00eate de la Soupe \u00e0 Sainte-Marie-aux-Mines (67) : La Solive<br>10 septembre : Les Sorci\u00e8res de l&rsquo;Est \u00e0 Thionville (57) : La Solive<br><strong>AO\u00dbT 2022<\/strong><br>26 ao\u00fbt : L&rsquo;Avide Jardin \u00e0 Muttersholtz (67) : La Solive<br>6 ao\u00fbt : La Mine \u00e0 Dieulefit (26) : La Solive<br>5 ao\u00fbt : Le Farfelien \u00e0 Gigny-sur-Sa\u00f4ne (71) : La Solive<br>4 ao\u00fbt : Lons le Saunier (39) : La Solive<br><strong>JUILLET 2022<\/strong><br>10 juillet : Les Volcaniques \u00e0 Saint-Bonnet-pr\u00e8s-Riom (63) : Codario<br>9 juillet : Ar\u00e7ais (79) : La Solive et Codario<br>7 juillet : L&rsquo;\u00cele d&rsquo;Yeu (85) : La Solive<br>1er juillet : Blois (41) : La Solive et Codario<br><strong>JUIN 2022<\/strong><br>19 juin : Normandie : Codario<br><strong>MAI 2022<\/strong><br>14 mai : Mus\u00e9e de la lutherie et de l&rsquo;arch\u00e8terie fran\u00e7aises \u00e0 Mirecourt (88) : Codario<br>13 mai : Eglise dans les Vosges : Codario<br><strong>AVRIL 2022<\/strong><br>30 avril : Artopie \u00e0 Meisenthal (57) : Codario<br>26 avril : M\u00e9diath\u00e8que de Kingersheim (68) : Codario<\/p>\n","protected":false},"excerpt":{"rendered":"<p>JUIN 202628 juin : Vus du ciel, Festival Kikloche, Saint Aubin de Locquenay (72) : Codario21 juin : Bal folk \u00e0 La Mironde, Gundershoffen (67)20 juin : Bal folk pour la journ\u00e9e de la parentalit\u00e9, Ingwiller (67) : La Solive13 juin : Bal au Vivarium \u00e0 Vill\u00e9 (67) : Codario MAI 202630 mai : Bal&hellip;&nbsp;<a href=\"https:\/\/www.leviolonsabot.com\/index.php\/actualites\/\" class=\"\" rel=\"bookmark\">Lire la suite &raquo;<span class=\"screen-reader-text\">Actualit\u00e9s<\/span><\/a><\/p>\n","protected":false},"author":1,"featured_media":0,"parent":0,"menu_order":0,"comment_status":"closed","ping_status":"closed","template":"","meta":{"neve_meta_sidebar":"","neve_meta_container":"","neve_meta_enable_content_width":"","neve_meta_content_width":0,"neve_meta_title_alignment":"","neve_meta_author_avatar":"","neve_post_elements_order":"","neve_meta_disable_header":"","neve_meta_disable_footer":"","neve_meta_disable_title":"","footnotes":""},"class_list":["post-501","page","type-page","status-publish","hentry"],"_links":{"self":[{"href":"https:\/\/www.leviolonsabot.com\/index.php\/wp-json\/wp\/v2\/pages\/501","targetHints":{"allow":["GET"]}}],"collection":[{"href":"https:\/\/www.leviolonsabot.com\/index.php\/wp-json\/wp\/v2\/pages"}],"about":[{"href":"https:\/\/www.leviolonsabot.com\/index.php\/wp-json\/wp\/v2\/types\/page"}],"author":[{"embeddable":true,"href":"https:\/\/www.leviolonsabot.com\/index.php\/wp-json\/wp\/v2\/users\/1"}],"replies":[{"embeddable":true,"href":"https:\/\/www.leviolonsabot.com\/index.php\/wp-json\/wp\/v2\/comments?post=501"}],"version-history":[{"count":31,"href":"https:\/\/www.leviolonsabot.com\/index.php\/wp-json\/wp\/v2\/pages\/501\/revisions"}],"predecessor-version":[{"id":1205,"href":"https:\/\/www.leviolonsabot.com\/index.php\/wp-json\/wp\/v2\/pages\/501\/revisions\/1205"}],"wp:attachment":[{"href":"https:\/\/www.leviolonsabot.com\/index.php\/wp-json\/wp\/v2\/media?parent=501"}],"curies":[{"name":"wp","href":"https:\/\/api.w.org\/{rel}","templated":true}]}}