{"id":598,"date":"2023-07-08T18:28:34","date_gmt":"2023-07-08T16:28:34","guid":{"rendered":"https:\/\/www.leviolonsabot.com\/?page_id=598"},"modified":"2025-09-25T17:34:06","modified_gmt":"2025-09-25T15:34:06","slug":"pass-culture","status":"publish","type":"page","link":"https:\/\/www.leviolonsabot.com\/index.php\/pass-culture\/","title":{"rendered":"Pass culture"},"content":{"rendered":"\n<div class=\"wp-block-group has-nv-dark-bg-background-color has-background is-vertical is-content-justification-center is-layout-flex wp-container-core-group-is-layout-4b2eccd6 wp-block-group-is-layout-flex\">\n<h1 class=\"wp-block-heading has-text-align-center has-neve-link-hover-color-color has-text-color has-medium-font-size\"><br><strong>La Solive au coll\u00e8ge &#8211; Entre musique et danse<\/strong><br><\/h1>\n\n\n\n<p class=\"has-text-align-left\">\u2022<\/p>\n\n\n\n<p class=\"has-text-align-left\">Une intervention en trois temps<br><br>\u2022 Le groupe La Solive joue des morceaux issus ou inspir\u00e9s de diff\u00e9rentes traditions musicales, principalement irlandaises<br><br>\u2022 Une danse irlandaises collective et simple est expliqu\u00e9e afin que les \u00e9l\u00e8ves puissent danser sur la musique.<br><br>\u2022 Enfin, tout le concert est ponctu\u00e9 de d\u00e9couvertes d\u2019instruments \u00e9tonnants avec lesquels jouent les musiciens<br><br>L&rsquo;ensemble dure 50 minutes environ, afin de respecter les horaires des cours et proposer ce spectacle \u00e0 diff\u00e9rentes classes.<br><br>En amont de nos prestations, nous fournissons des dossiers p\u00e9dagogiques sur les musiques que nous jouons et sur les instruments qui seront pr\u00e9sents lors de l&rsquo;\u00e9v\u00e9nement.<br><br><\/p>\n\n\n\n<div style=\"height:0px\" aria-hidden=\"true\" class=\"wp-block-spacer wp-container-content-728072c3\"><\/div>\n\n\n\n<div style=\"height:0px\" aria-hidden=\"true\" class=\"wp-block-spacer wp-container-content-78b3b043\"><\/div>\n\n\n\n<div style=\"height:0px\" aria-hidden=\"true\" class=\"wp-block-spacer wp-container-content-67de619e\"><\/div>\n<\/div>\n\n\n\n<div class=\"wp-block-group\"><div class=\"wp-block-group__inner-container is-layout-constrained wp-block-group-is-layout-constrained\"><\/div><\/div>\n\n\n\n<p><\/p>\n","protected":false},"excerpt":{"rendered":"<p>La Solive au coll\u00e8ge &#8211; Entre musique et danse \u2022 Une intervention en trois temps \u2022 Le groupe La Solive joue des morceaux issus ou inspir\u00e9s de diff\u00e9rentes traditions musicales, principalement irlandaises \u2022 Une danse irlandaises collective et simple est expliqu\u00e9e afin que les \u00e9l\u00e8ves puissent danser sur la musique. \u2022 Enfin, tout le concert&hellip;&nbsp;<a href=\"https:\/\/www.leviolonsabot.com\/index.php\/pass-culture\/\" class=\"\" rel=\"bookmark\">Lire la suite &raquo;<span class=\"screen-reader-text\">Pass culture<\/span><\/a><\/p>\n","protected":false},"author":1,"featured_media":0,"parent":0,"menu_order":0,"comment_status":"closed","ping_status":"closed","template":"","meta":{"neve_meta_sidebar":"","neve_meta_container":"","neve_meta_enable_content_width":"","neve_meta_content_width":0,"neve_meta_title_alignment":"","neve_meta_author_avatar":"","neve_post_elements_order":"","neve_meta_disable_header":"","neve_meta_disable_footer":"","neve_meta_disable_title":"","footnotes":""},"class_list":["post-598","page","type-page","status-publish","hentry"],"_links":{"self":[{"href":"https:\/\/www.leviolonsabot.com\/index.php\/wp-json\/wp\/v2\/pages\/598","targetHints":{"allow":["GET"]}}],"collection":[{"href":"https:\/\/www.leviolonsabot.com\/index.php\/wp-json\/wp\/v2\/pages"}],"about":[{"href":"https:\/\/www.leviolonsabot.com\/index.php\/wp-json\/wp\/v2\/types\/page"}],"author":[{"embeddable":true,"href":"https:\/\/www.leviolonsabot.com\/index.php\/wp-json\/wp\/v2\/users\/1"}],"replies":[{"embeddable":true,"href":"https:\/\/www.leviolonsabot.com\/index.php\/wp-json\/wp\/v2\/comments?post=598"}],"version-history":[{"count":52,"href":"https:\/\/www.leviolonsabot.com\/index.php\/wp-json\/wp\/v2\/pages\/598\/revisions"}],"predecessor-version":[{"id":1028,"href":"https:\/\/www.leviolonsabot.com\/index.php\/wp-json\/wp\/v2\/pages\/598\/revisions\/1028"}],"wp:attachment":[{"href":"https:\/\/www.leviolonsabot.com\/index.php\/wp-json\/wp\/v2\/media?parent=598"}],"curies":[{"name":"wp","href":"https:\/\/api.w.org\/{rel}","templated":true}]}}