{"id":682,"date":"2023-07-08T23:25:14","date_gmt":"2023-07-08T21:25:14","guid":{"rendered":"https:\/\/www.leviolonsabot.com\/?page_id=682"},"modified":"2023-07-10T11:21:45","modified_gmt":"2023-07-10T09:21:45","slug":"les-artistes","status":"publish","type":"page","link":"https:\/\/www.leviolonsabot.com\/index.php\/les-artistes\/","title":{"rendered":"Les artistes"},"content":{"rendered":"\n<h1 class=\"wp-block-heading has-text-align-center has-neve-link-hover-color-color has-nv-dark-bg-background-color has-text-color has-background has-x-large-font-size\">Les artistes<\/h1>\n\n\n\n<div class=\"wp-block-media-text alignwide has-media-on-the-right is-stacked-on-mobile has-nv-dark-bg-background-color has-background\"><div class=\"wp-block-media-text__content\">\n<p class=\"has-text-align-center\">F\u00e9lix CHAILLOU<br><br><\/p>\n<\/div><figure class=\"wp-block-media-text__media\"><img loading=\"lazy\" decoding=\"async\" width=\"1024\" height=\"683\" src=\"https:\/\/www.leviolonsabot.com\/wp-content\/uploads\/2022\/04\/2021-09-11_vide-dressing-solidaire_069-1024x683.jpg\" alt=\"\" class=\"wp-image-583 size-full\" srcset=\"https:\/\/www.leviolonsabot.com\/wp-content\/uploads\/2022\/04\/2021-09-11_vide-dressing-solidaire_069-1024x683.jpg 1024w, https:\/\/www.leviolonsabot.com\/wp-content\/uploads\/2022\/04\/2021-09-11_vide-dressing-solidaire_069-300x200.jpg 300w, https:\/\/www.leviolonsabot.com\/wp-content\/uploads\/2022\/04\/2021-09-11_vide-dressing-solidaire_069-768x512.jpg 768w, https:\/\/www.leviolonsabot.com\/wp-content\/uploads\/2022\/04\/2021-09-11_vide-dressing-solidaire_069-930x620.jpg 930w, https:\/\/www.leviolonsabot.com\/wp-content\/uploads\/2022\/04\/2021-09-11_vide-dressing-solidaire_069.jpg 1200w\" sizes=\"auto, (max-width: 1024px) 100vw, 1024px\" \/><\/figure><\/div>\n\n\n\n<div class=\"wp-block-media-text alignwide is-stacked-on-mobile has-nv-dark-bg-background-color has-background\"><figure class=\"wp-block-media-text__media\"><img loading=\"lazy\" decoding=\"async\" width=\"683\" height=\"1024\" src=\"https:\/\/www.leviolonsabot.com\/wp-content\/uploads\/2023\/07\/Tom-Freudenreich-683x1024.jpg\" alt=\"\" class=\"wp-image-700 size-full\" srcset=\"https:\/\/www.leviolonsabot.com\/wp-content\/uploads\/2023\/07\/Tom-Freudenreich-683x1024.jpg 683w, https:\/\/www.leviolonsabot.com\/wp-content\/uploads\/2023\/07\/Tom-Freudenreich-200x300.jpg 200w, https:\/\/www.leviolonsabot.com\/wp-content\/uploads\/2023\/07\/Tom-Freudenreich-768x1152.jpg 768w, https:\/\/www.leviolonsabot.com\/wp-content\/uploads\/2023\/07\/Tom-Freudenreich.jpg 1024w\" sizes=\"auto, (max-width: 683px) 100vw, 683px\" \/><\/figure><div class=\"wp-block-media-text__content\">\n<p class=\"has-text-align-center\">TOM FREUDENREICH<br><br>Il joue du violon, du banjo et de la mandoline. Essentiellement autodidacte, c\u2019est au cours de nombreuses rencontres avec les milieux des musiques et danses folks et traditionnelles qu\u2019il a appris ces instruments. Il s\u2019initie tout d\u2019abord aux m\u00e9lodies \u00e0 danser des bals folks, aux airs bretons, alsaciens, poitevins et morvandiaux, puis se concentre davantage sur les r\u00e9pertoires irlandais, qu\u00e9b\u00e9cois et scandinaves. Tom a fait des tourn\u00e9es avec les Jeunesses musicales de France avec le groupe A Spurious Tale. Il s\u2019est int\u00e9ress\u00e9 aux r\u00e9pertoires d\u2019Alsace \u00e0 travers W\u00e0ldte\u00effel. Il m\u00e8ne des ateliers de musiques traditionnelles pour des associations locales, mais \u00e9galement des \u00e9coles de musique et des conservatoires. Aujourd\u2019hui, il joue sa musique avec plusieurs groupes, tels que Codario, The Houx, La Solive, La Clairi\u00e8re et Pas vu pas pris, et compose et joue pour la compagnie de th\u00e9\u00e2tre Plus d\u2019une voix.<br><br><\/p>\n<\/div><\/div>\n\n\n\n<div class=\"wp-block-media-text alignwide has-media-on-the-right is-stacked-on-mobile has-nv-dark-bg-background-color has-background\"><div class=\"wp-block-media-text__content\">\n<p class=\"has-text-align-center\">Thomas GUTHERL\u00c9<br><br>Musicien et compositeur autodidacte toujours attir\u00e9 par le m\u00e9lange des genres, Thomas a abord\u00e9 les musiques traditionnelles et populaires anglo-saxonnes, le r\u00e9pertoire folk europ\u00e9en, les musiques arabes et iraniennes. Sa pratique de la guitare acoustique microtonale, \u00e9lectrique et de la basse lui conf\u00e8re une grande capacit\u00e9 de cr\u00e9ation et d\u2019adaptation. En plus de La Solive, Thomas se produit avec les groupes Espersan (fusion Iran-France), Contremeute (rock post-punk), compose pour des courts m\u00e9trages, pour le th\u00e9\u00e2tre et r\u00e9alise des documentaires sonores. Il est \u00e9galement musicoth\u00e9rapeute depuis 2021.<br><br>http:\/\/thomasgutehrle.com\/<\/p>\n<\/div><figure class=\"wp-block-media-text__media\"><img loading=\"lazy\" decoding=\"async\" width=\"683\" height=\"1024\" src=\"https:\/\/www.leviolonsabot.com\/wp-content\/uploads\/2023\/07\/Thomas-Gutehrle-683x1024.jpg\" alt=\"\" class=\"wp-image-879 size-full\" srcset=\"https:\/\/www.leviolonsabot.com\/wp-content\/uploads\/2023\/07\/Thomas-Gutehrle-683x1024.jpg 683w, https:\/\/www.leviolonsabot.com\/wp-content\/uploads\/2023\/07\/Thomas-Gutehrle-200x300.jpg 200w, https:\/\/www.leviolonsabot.com\/wp-content\/uploads\/2023\/07\/Thomas-Gutehrle-768x1152.jpg 768w, https:\/\/www.leviolonsabot.com\/wp-content\/uploads\/2023\/07\/Thomas-Gutehrle.jpg 1024w\" sizes=\"auto, (max-width: 683px) 100vw, 683px\" \/><\/figure><\/div>\n\n\n\n<div class=\"wp-block-media-text alignwide is-stacked-on-mobile has-nv-dark-bg-background-color has-background\"><figure class=\"wp-block-media-text__media\"><img loading=\"lazy\" decoding=\"async\" width=\"692\" height=\"1024\" src=\"https:\/\/www.leviolonsabot.com\/wp-content\/uploads\/2023\/07\/Albane-Mosser-692x1024.jpg\" alt=\"\" class=\"wp-image-878 size-full\" srcset=\"https:\/\/www.leviolonsabot.com\/wp-content\/uploads\/2023\/07\/Albane-Mosser-692x1024.jpg 692w, https:\/\/www.leviolonsabot.com\/wp-content\/uploads\/2023\/07\/Albane-Mosser-203x300.jpg 203w, https:\/\/www.leviolonsabot.com\/wp-content\/uploads\/2023\/07\/Albane-Mosser-768x1136.jpg 768w, https:\/\/www.leviolonsabot.com\/wp-content\/uploads\/2023\/07\/Albane-Mosser.jpg 1038w\" sizes=\"auto, (max-width: 692px) 100vw, 692px\" \/><\/figure><div class=\"wp-block-media-text__content\">\n<p class=\"has-text-align-center\">Albane MOSSER<br><br>Les danses et les musiques traditionnelles font partie de son h\u00e9ritage familial. Tr\u00e8s vite, elle s\u2019est passionn\u00e9e pour ces r\u00e9pertoires et \u00e0 d\u00e9cider de se former \u00e0 travers des stages avec l\u2019ADP les Brayauds, le CMTN, les festivals comme le Grand Bal de l\u2019Europe, le Grand Bal Trad en Italie. Lors d\u2019une ann\u00e9e d\u2019\u00e9tude \u00e0 Montr\u00e9al, elle se forme au r\u00e9pertoire des danses qu\u00e9b\u00e9coises et de la contra dance. D\u00e8s lors, elle d\u00e9cide d\u2019apprendre \u00e0 caller les mixer ainsi que d\u2019autres danses collectives. Elle aime explorer le mouvement et les d\u00e9tails dans la danse.<br><br>Elle enrichit ses ateliers par des exp\u00e9riences en danse contemporaine pour d\u00e9velopper la complicit\u00e9 entre les danseurs. Elle propose essentiellement des ateliers de danses avec un musicien.nes pour que la musique puisse s\u2019adapter aux besoins des danseur.se.s. Elle travaille avec des groupes comme La Solive, Pas vus pas Pris, La Clairi\u00e8re.<\/p>\n<\/div><\/div>\n","protected":false},"excerpt":{"rendered":"<p>Les artistes F\u00e9lix CHAILLOU TOM FREUDENREICH Il joue du violon, du banjo et de la mandoline. Essentiellement autodidacte, c\u2019est au cours de nombreuses rencontres avec les milieux des musiques et danses folks et traditionnelles qu\u2019il a appris ces instruments. Il s\u2019initie tout d\u2019abord aux m\u00e9lodies \u00e0 danser des bals folks, aux airs bretons, alsaciens, poitevins&hellip;&nbsp;<a href=\"https:\/\/www.leviolonsabot.com\/index.php\/les-artistes\/\" class=\"\" rel=\"bookmark\">Lire la suite &raquo;<span class=\"screen-reader-text\">Les artistes<\/span><\/a><\/p>\n","protected":false},"author":1,"featured_media":0,"parent":0,"menu_order":0,"comment_status":"closed","ping_status":"closed","template":"","meta":{"neve_meta_sidebar":"","neve_meta_container":"","neve_meta_enable_content_width":"","neve_meta_content_width":0,"neve_meta_title_alignment":"","neve_meta_author_avatar":"","neve_post_elements_order":"","neve_meta_disable_header":"","neve_meta_disable_footer":"","neve_meta_disable_title":"","footnotes":""},"class_list":["post-682","page","type-page","status-publish","hentry"],"_links":{"self":[{"href":"https:\/\/www.leviolonsabot.com\/index.php\/wp-json\/wp\/v2\/pages\/682","targetHints":{"allow":["GET"]}}],"collection":[{"href":"https:\/\/www.leviolonsabot.com\/index.php\/wp-json\/wp\/v2\/pages"}],"about":[{"href":"https:\/\/www.leviolonsabot.com\/index.php\/wp-json\/wp\/v2\/types\/page"}],"author":[{"embeddable":true,"href":"https:\/\/www.leviolonsabot.com\/index.php\/wp-json\/wp\/v2\/users\/1"}],"replies":[{"embeddable":true,"href":"https:\/\/www.leviolonsabot.com\/index.php\/wp-json\/wp\/v2\/comments?post=682"}],"version-history":[{"count":14,"href":"https:\/\/www.leviolonsabot.com\/index.php\/wp-json\/wp\/v2\/pages\/682\/revisions"}],"predecessor-version":[{"id":880,"href":"https:\/\/www.leviolonsabot.com\/index.php\/wp-json\/wp\/v2\/pages\/682\/revisions\/880"}],"wp:attachment":[{"href":"https:\/\/www.leviolonsabot.com\/index.php\/wp-json\/wp\/v2\/media?parent=682"}],"curies":[{"name":"wp","href":"https:\/\/api.w.org\/{rel}","templated":true}]}}