{"id":683,"date":"2023-07-08T23:25:14","date_gmt":"2023-07-08T21:25:14","guid":{"rendered":"https:\/\/www.leviolonsabot.com\/?page_id=683"},"modified":"2023-07-10T10:40:07","modified_gmt":"2023-07-10T08:40:07","slug":"le-bureau","status":"publish","type":"page","link":"https:\/\/www.leviolonsabot.com\/index.php\/le-bureau\/","title":{"rendered":"Le bureau"},"content":{"rendered":"\n<h1 class=\"wp-block-heading has-text-align-center has-neve-link-hover-color-color has-nv-dark-bg-background-color has-text-color has-background has-x-large-font-size\">Le bureau<\/h1>\n\n\n\n<p class=\"has-nv-dark-bg-background-color has-background\">Bastien Kempf, pr\u00e9sident<br>H\u00e9l\u00e8ne Cottet, tr\u00e9sori\u00e8re<br>Jean-Yves Bart, secr\u00e9taire<\/p>\n","protected":false},"excerpt":{"rendered":"<p>Le bureau Bastien Kempf, pr\u00e9sidentH\u00e9l\u00e8ne Cottet, tr\u00e9sori\u00e8reJean-Yves Bart, secr\u00e9taire<\/p>\n","protected":false},"author":1,"featured_media":0,"parent":0,"menu_order":0,"comment_status":"closed","ping_status":"closed","template":"","meta":{"neve_meta_sidebar":"","neve_meta_container":"","neve_meta_enable_content_width":"","neve_meta_content_width":0,"neve_meta_title_alignment":"","neve_meta_author_avatar":"","neve_post_elements_order":"","neve_meta_disable_header":"","neve_meta_disable_footer":"","neve_meta_disable_title":"","footnotes":""},"class_list":["post-683","page","type-page","status-publish","hentry"],"_links":{"self":[{"href":"https:\/\/www.leviolonsabot.com\/index.php\/wp-json\/wp\/v2\/pages\/683","targetHints":{"allow":["GET"]}}],"collection":[{"href":"https:\/\/www.leviolonsabot.com\/index.php\/wp-json\/wp\/v2\/pages"}],"about":[{"href":"https:\/\/www.leviolonsabot.com\/index.php\/wp-json\/wp\/v2\/types\/page"}],"author":[{"embeddable":true,"href":"https:\/\/www.leviolonsabot.com\/index.php\/wp-json\/wp\/v2\/users\/1"}],"replies":[{"embeddable":true,"href":"https:\/\/www.leviolonsabot.com\/index.php\/wp-json\/wp\/v2\/comments?post=683"}],"version-history":[{"count":4,"href":"https:\/\/www.leviolonsabot.com\/index.php\/wp-json\/wp\/v2\/pages\/683\/revisions"}],"predecessor-version":[{"id":871,"href":"https:\/\/www.leviolonsabot.com\/index.php\/wp-json\/wp\/v2\/pages\/683\/revisions\/871"}],"wp:attachment":[{"href":"https:\/\/www.leviolonsabot.com\/index.php\/wp-json\/wp\/v2\/media?parent=683"}],"curies":[{"name":"wp","href":"https:\/\/api.w.org\/{rel}","templated":true}]}}