{"id":947,"date":"2025-01-23T14:32:15","date_gmt":"2025-01-23T13:32:15","guid":{"rendered":"https:\/\/www.leviolonsabot.com\/?page_id=947"},"modified":"2026-02-18T17:01:35","modified_gmt":"2026-02-18T16:01:35","slug":"codario-vus-du-ciel","status":"publish","type":"page","link":"https:\/\/www.leviolonsabot.com\/index.php\/codario-vus-du-ciel\/","title":{"rendered":"Codario &#8211; Vus du ciel"},"content":{"rendered":"\n<h1 class=\"wp-block-heading has-text-align-center has-x-large-font-size\">Codario &#8211; Vus du ciel<\/h1>\n\n\n\n<p class=\"has-text-align-center\">Les oiseaux, ceux qui marchent, nagent et font leur nid, ceux qui volent, migrent et voyagent, ceux qui se cachent, observent et attendent le bon moment, ceux qui chantent, dansent et font leur place. Tous ces oiseaux font \u00e9cho \u00e0 nos oiseaux int\u00e9rieurs, ces oiseaux qui guident nos \u00e9motions, qui aident \u00e0 tracer les chemins de la vie, ces oiseaux qu\u2019on \u00e9coute chanter et nous encourager, ces oiseaux qui nous envoient de l\u2019air et des couleurs.\u00a0<\/p>\n\n\n\n<p class=\"has-text-align-center\">Qu\u2019ils soient de passage, ou bien de mauvais augure, les oiseaux peuvent \u00eatre partout, dans la musique comme dans la vie et, pour peu qu\u2019on y pr\u00eate attention, \u00eatre un reflet des nombreux aspects de l\u2019existence, migrations \u00e9piques, amours intenses, mais aussi force du quotidien et singuli\u00e8res dr\u00f4leries !\u00a0<\/p>\n\n\n\n<p class=\"has-text-align-center\"><em>Vus du ciel<\/em> reprend cette force du voyage et nous invite \u00e0 faire le lien entre l\u2019ancrage terrestre des musiques traditionnelles et la vie a\u00e9rienne des oiseaux et de nos imaginaires.<\/p>\n\n\n\n<div class=\"wp-block-group is-content-justification-center is-nowrap is-layout-flex wp-container-core-group-is-layout-94bc23d7 wp-block-group-is-layout-flex\">\n<div class=\"wp-block-columns is-layout-flex wp-container-core-columns-is-layout-9d6595d7 wp-block-columns-is-layout-flex\">\n<div class=\"wp-block-column is-layout-flow wp-block-column-is-layout-flow\" style=\"flex-basis:100%\">\n<figure class=\"wp-block-embed is-type-wp-embed is-provider-peertube wp-block-embed-peertube\"><div class=\"wp-block-embed__wrapper\">\n<iframe loading=\"lazy\" class=\"wp-embedded-content\" sandbox=\"allow-scripts\" security=\"restricted\" title=\"Codario - Vus du ciel\" width=\"560\" height=\"315\" src=\"https:\/\/kodcast.com\/videos\/embed\/1M29kGyG1eehrV7xRFmrGY#?secret=P9qVF5eMyT\" data-secret=\"P9qVF5eMyT\"><\/iframe>\n<\/div><\/figure>\n<\/div>\n<\/div>\n<\/div>\n\n\n\n<!-- Final Tiles Grid Gallery for WordPress v3.6.6 free --><style>#ftg-55 .tile .icon { color:#ffffff; }#ftg-55 .ftg-items .loading-bar i { background:#666; }#ftg-55 .ftg-items .loading-bar { background:#fff; }#ftg-55 .tile .icon { font-size:12px; }#ftg-55 .tile .icon { margin: -6px 0 0 -6px; }#ftg-55 .tile .caption-block .text-wrapper span.text { font-size:12px; }#ftg-55 .tile .caption-outside .text-wrapper span.text { font-size:12px; }#ftg-55 .tile .caption-block .text-wrapper span.title { font-size:14px; }#ftg-55 .tile .caption-outside .text-wrapper span.title { font-size:14px; }#ftg-55 .tile { background-color: transparent; }#ftg-55 .tile .caption-block .text-wrapper span.text { color: #ffffff; }#ftg-55 .tile .caption-block .text-wrapper span.title { color: #ffffff; }#ftg-55 .tile .caption-outside .text-wrapper span.text { color: #ffffff; }#ftg-55 .tile .caption-outside .text-wrapper span.title { color: #ffffff; }#ftg-55 .tile .ftg-social a { color: #ffffff; }#ftg-55 .tile .caption-block { transition-timing-function:linear; }#ftg-55 .tile .caption-block { transition-duration:0.25s; }#ftg-55 .tile .tile-inner:before { background-color: #000000; }#ftg-55 .tile .tile-inner:before { background-color: rgba(0, 0, 0, 0.8); }<\/style><a name=\"5\"><\/a><div class=\"final-tiles-gallery  ftg-hover-enabled caption-inside  caption-none caption-middle caption-center\" id=\"ftg-55\" style=\"width: 100%\"><div class='ftg-items'><div class='loading-bar'><i><\/i><\/div><div  class='tile ftg-preload  '><a title=\"codario test\" data-lightbox='ftg-55' rel='ftg-55'  class=' tile-inner  ftg-lightbox' href='https:\/\/www.leviolonsabot.com\/wp-content\/uploads\/2026\/02\/codario-test-1-1024x815.jpg' ><img alt='codario test' class='item skip-lazy' data-class='item' data-ftg-source='https:\/\/www.leviolonsabot.com\/wp-content\/uploads\/2026\/02\/codario-test-1-1024x815.jpg' src='https:\/\/www.leviolonsabot.com\/wp-content\/uploads\/2026\/02\/codario-test-1-1024x815.jpg' width='1024' height='815' \/><span class='icon fa fa-zoom'><\/span><div class='caption-block'><div class='text-wrapper'><span class='title'>codario test<\/span><\/div><\/div><\/a><div class='ftg-social'><\/div><\/div><div  class='tile ftg-preload  '><a title=\"codario balances caveau_1\" data-lightbox='ftg-55' rel='ftg-55'  class=' tile-inner  ftg-lightbox' href='https:\/\/www.leviolonsabot.com\/wp-content\/uploads\/2026\/02\/codario-balances-caveau_1-1-1024x683.jpg' ><img alt='codario balances caveau_1' class='item skip-lazy' data-class='item' data-ftg-source='https:\/\/www.leviolonsabot.com\/wp-content\/uploads\/2026\/02\/codario-balances-caveau_1-1-1024x683.jpg' src='https:\/\/www.leviolonsabot.com\/wp-content\/uploads\/2026\/02\/codario-balances-caveau_1-1-1024x683.jpg' width='1024' height='683' \/><span class='icon fa fa-zoom'><\/span><div class='caption-block'><div class='text-wrapper'><span class='title'>codario balances caveau_1<\/span><\/div><\/div><\/a><div class='ftg-social'><\/div><\/div><div  class='tile ftg-preload  '><a title=\"CODARIO CAVEAU 004\" data-lightbox='ftg-55' rel='ftg-55'  class=' tile-inner  ftg-lightbox' href='https:\/\/www.leviolonsabot.com\/wp-content\/uploads\/2026\/02\/CODARIO-CAVEAU-004-683x1024.jpg' ><img alt='CODARIO CAVEAU 004' class='item skip-lazy' data-class='item' data-ftg-source='https:\/\/www.leviolonsabot.com\/wp-content\/uploads\/2026\/02\/CODARIO-CAVEAU-004-683x1024.jpg' src='https:\/\/www.leviolonsabot.com\/wp-content\/uploads\/2026\/02\/CODARIO-CAVEAU-004-683x1024.jpg' width='683' height='1024' \/><span class='icon fa fa-zoom'><\/span><div class='caption-block'><div class='text-wrapper'><span class='title'>CODARIO CAVEAU 004<\/span><\/div><\/div><\/a><div class='ftg-social'><\/div><\/div><div  class='tile ftg-preload  '><a title=\"CODARIO CAVEAU 002\" data-lightbox='ftg-55' rel='ftg-55'  class=' tile-inner  ftg-lightbox' href='https:\/\/www.leviolonsabot.com\/wp-content\/uploads\/2026\/02\/CODARIO-CAVEAU-002-683x1024.jpg' ><img alt='CODARIO CAVEAU 002' class='item skip-lazy' data-class='item' data-ftg-source='https:\/\/www.leviolonsabot.com\/wp-content\/uploads\/2026\/02\/CODARIO-CAVEAU-002-683x1024.jpg' src='https:\/\/www.leviolonsabot.com\/wp-content\/uploads\/2026\/02\/CODARIO-CAVEAU-002-683x1024.jpg' width='683' height='1024' \/><span class='icon fa fa-zoom'><\/span><div class='caption-block'><div class='text-wrapper'><span class='title'>CODARIO CAVEAU 002<\/span><\/div><\/div><\/a><div class='ftg-social'><\/div><\/div><div  class='tile ftg-preload  '><a title=\"codario 004\" data-lightbox='ftg-55' rel='ftg-55'  class=' tile-inner  ftg-lightbox' href='https:\/\/www.leviolonsabot.com\/wp-content\/uploads\/2026\/02\/codario-004-1024x683.jpg' ><img alt='codario 004' class='item skip-lazy' data-class='item' data-ftg-source='https:\/\/www.leviolonsabot.com\/wp-content\/uploads\/2026\/02\/codario-004-1024x683.jpg' src='https:\/\/www.leviolonsabot.com\/wp-content\/uploads\/2026\/02\/codario-004-1024x683.jpg' width='1024' height='683' \/><span class='icon fa fa-zoom'><\/span><div class='caption-block'><div class='text-wrapper'><span class='title'>codario 004<\/span><\/div><\/div><\/a><div class='ftg-social'><\/div><\/div><div  class='tile ftg-preload  '><a title=\"codario 003\" data-lightbox='ftg-55' rel='ftg-55'  class=' tile-inner  ftg-lightbox' href='https:\/\/www.leviolonsabot.com\/wp-content\/uploads\/2026\/02\/codario-003-1-1024x683.jpg' ><img alt='codario 003' class='item skip-lazy' data-class='item' data-ftg-source='https:\/\/www.leviolonsabot.com\/wp-content\/uploads\/2026\/02\/codario-003-1-1024x683.jpg' src='https:\/\/www.leviolonsabot.com\/wp-content\/uploads\/2026\/02\/codario-003-1-1024x683.jpg' width='1024' height='683' \/><span class='icon fa fa-zoom'><\/span><div class='caption-block'><div class='text-wrapper'><span class='title'>codario 003<\/span><\/div><\/div><\/a><div class='ftg-social'><\/div><\/div><div  class='tile ftg-preload  '><a title=\"codario 002\" data-lightbox='ftg-55' rel='ftg-55'  class=' tile-inner  ftg-lightbox' href='https:\/\/www.leviolonsabot.com\/wp-content\/uploads\/2026\/02\/codario-002-1-1024x683.jpg' ><img alt='codario 002' class='item skip-lazy' data-class='item' data-ftg-source='https:\/\/www.leviolonsabot.com\/wp-content\/uploads\/2026\/02\/codario-002-1-1024x683.jpg' src='https:\/\/www.leviolonsabot.com\/wp-content\/uploads\/2026\/02\/codario-002-1-1024x683.jpg' width='1024' height='683' \/><span class='icon fa fa-zoom'><\/span><div class='caption-block'><div class='text-wrapper'><span class='title'>codario 002<\/span><\/div><\/div><\/a><div class='ftg-social'><\/div><\/div><div  class='tile ftg-preload  '><a title=\"CODARIO CAVEAU 003\" data-lightbox='ftg-55' rel='ftg-55'  class=' tile-inner  ftg-lightbox' href='https:\/\/www.leviolonsabot.com\/wp-content\/uploads\/2026\/02\/CODARIO-CAVEAU-003-1-1024x683.jpg' ><img alt='CODARIO CAVEAU 003' class='item skip-lazy' data-class='item' data-ftg-source='https:\/\/www.leviolonsabot.com\/wp-content\/uploads\/2026\/02\/CODARIO-CAVEAU-003-1-1024x683.jpg' src='https:\/\/www.leviolonsabot.com\/wp-content\/uploads\/2026\/02\/CODARIO-CAVEAU-003-1-1024x683.jpg' width='1024' height='683' \/><span class='icon fa fa-zoom'><\/span><div class='caption-block'><div class='text-wrapper'><span class='title'>CODARIO CAVEAU 003<\/span><\/div><\/div><\/a><div class='ftg-social'><\/div><\/div><\/div><\/div>\n\n\n\n<p class=\"has-text-align-center has-medium-font-size\"><\/p>\n","protected":false},"excerpt":{"rendered":"<p>Codario &#8211; Vus du ciel Les oiseaux, ceux qui marchent, nagent et font leur nid, ceux qui volent, migrent et voyagent, ceux qui se cachent, observent et attendent le bon moment, ceux qui chantent, dansent et font leur place. Tous ces oiseaux font \u00e9cho \u00e0 nos oiseaux int\u00e9rieurs, ces oiseaux qui guident nos \u00e9motions, qui&hellip;&nbsp;<a href=\"https:\/\/www.leviolonsabot.com\/index.php\/codario-vus-du-ciel\/\" class=\"\" rel=\"bookmark\">Lire la suite &raquo;<span class=\"screen-reader-text\">Codario &#8211; Vus du ciel<\/span><\/a><\/p>\n","protected":false},"author":1,"featured_media":0,"parent":0,"menu_order":0,"comment_status":"closed","ping_status":"closed","template":"","meta":{"neve_meta_sidebar":"","neve_meta_container":"","neve_meta_enable_content_width":"","neve_meta_content_width":0,"neve_meta_title_alignment":"","neve_meta_author_avatar":"","neve_post_elements_order":"","neve_meta_disable_header":"","neve_meta_disable_footer":"","neve_meta_disable_title":"","footnotes":""},"class_list":["post-947","page","type-page","status-publish","hentry"],"_links":{"self":[{"href":"https:\/\/www.leviolonsabot.com\/index.php\/wp-json\/wp\/v2\/pages\/947","targetHints":{"allow":["GET"]}}],"collection":[{"href":"https:\/\/www.leviolonsabot.com\/index.php\/wp-json\/wp\/v2\/pages"}],"about":[{"href":"https:\/\/www.leviolonsabot.com\/index.php\/wp-json\/wp\/v2\/types\/page"}],"author":[{"embeddable":true,"href":"https:\/\/www.leviolonsabot.com\/index.php\/wp-json\/wp\/v2\/users\/1"}],"replies":[{"embeddable":true,"href":"https:\/\/www.leviolonsabot.com\/index.php\/wp-json\/wp\/v2\/comments?post=947"}],"version-history":[{"count":20,"href":"https:\/\/www.leviolonsabot.com\/index.php\/wp-json\/wp\/v2\/pages\/947\/revisions"}],"predecessor-version":[{"id":1214,"href":"https:\/\/www.leviolonsabot.com\/index.php\/wp-json\/wp\/v2\/pages\/947\/revisions\/1214"}],"wp:attachment":[{"href":"https:\/\/www.leviolonsabot.com\/index.php\/wp-json\/wp\/v2\/media?parent=947"}],"curies":[{"name":"wp","href":"https:\/\/api.w.org\/{rel}","templated":true}]}}