{"id":949,"date":"2025-01-23T14:32:15","date_gmt":"2025-01-23T13:32:15","guid":{"rendered":"https:\/\/www.leviolonsabot.com\/?page_id=949"},"modified":"2025-10-03T15:47:00","modified_gmt":"2025-10-03T13:47:00","slug":"musique-irlandaise","status":"publish","type":"page","link":"https:\/\/www.leviolonsabot.com\/index.php\/musique-irlandaise\/","title":{"rendered":"Musique irlandaise"},"content":{"rendered":"\n<h1 class=\"wp-block-heading has-text-align-center has-x-large-font-size\">La Solive &#8211; Musique irlando-canadienne<\/h1>\n\n\n\n<p>Du violon, de la guitare, des rythmes au pied. <\/p>\n\n\n\n<p><em>La Solive <\/em>vous propose une d\u00e9couverte des musiques irlandaises et canadiennes, \u00e0 travers des m\u00e9lodies pleines de f\u00eate et de rencontres.<\/p>\n\n\n\n<figure class=\"wp-block-embed is-type-video is-provider-youtube wp-block-embed-youtube wp-embed-aspect-16-9 wp-has-aspect-ratio\"><div class=\"wp-block-embed__wrapper\">\n<div class=\"nv-iframe-embed\"><iframe loading=\"lazy\" title=\"La Solive - Le creux du plancher (Reels)\" width=\"1200\" height=\"675\" src=\"https:\/\/www.youtube.com\/embed\/9ed76hsj1z0?feature=oembed\" frameborder=\"0\" allow=\"accelerometer; autoplay; clipboard-write; encrypted-media; gyroscope; picture-in-picture; web-share\" referrerpolicy=\"strict-origin-when-cross-origin\" allowfullscreen><\/iframe><\/div>\n<\/div><\/figure>\n","protected":false},"excerpt":{"rendered":"<p>La Solive &#8211; Musique irlando-canadienne Du violon, de la guitare, des rythmes au pied. La Solive vous propose une d\u00e9couverte des musiques irlandaises et canadiennes, \u00e0 travers des m\u00e9lodies pleines de f\u00eate et de rencontres.<\/p>\n","protected":false},"author":1,"featured_media":0,"parent":0,"menu_order":0,"comment_status":"closed","ping_status":"closed","template":"","meta":{"neve_meta_sidebar":"","neve_meta_container":"","neve_meta_enable_content_width":"","neve_meta_content_width":0,"neve_meta_title_alignment":"","neve_meta_author_avatar":"","neve_post_elements_order":"","neve_meta_disable_header":"","neve_meta_disable_footer":"","neve_meta_disable_title":"","footnotes":""},"class_list":["post-949","page","type-page","status-publish","hentry"],"_links":{"self":[{"href":"https:\/\/www.leviolonsabot.com\/index.php\/wp-json\/wp\/v2\/pages\/949","targetHints":{"allow":["GET"]}}],"collection":[{"href":"https:\/\/www.leviolonsabot.com\/index.php\/wp-json\/wp\/v2\/pages"}],"about":[{"href":"https:\/\/www.leviolonsabot.com\/index.php\/wp-json\/wp\/v2\/types\/page"}],"author":[{"embeddable":true,"href":"https:\/\/www.leviolonsabot.com\/index.php\/wp-json\/wp\/v2\/users\/1"}],"replies":[{"embeddable":true,"href":"https:\/\/www.leviolonsabot.com\/index.php\/wp-json\/wp\/v2\/comments?post=949"}],"version-history":[{"count":4,"href":"https:\/\/www.leviolonsabot.com\/index.php\/wp-json\/wp\/v2\/pages\/949\/revisions"}],"predecessor-version":[{"id":1090,"href":"https:\/\/www.leviolonsabot.com\/index.php\/wp-json\/wp\/v2\/pages\/949\/revisions\/1090"}],"wp:attachment":[{"href":"https:\/\/www.leviolonsabot.com\/index.php\/wp-json\/wp\/v2\/media?parent=949"}],"curies":[{"name":"wp","href":"https:\/\/api.w.org\/{rel}","templated":true}]}}