{"id":950,"date":"2025-01-23T14:32:15","date_gmt":"2025-01-23T13:32:15","guid":{"rendered":"https:\/\/www.leviolonsabot.com\/?page_id=950"},"modified":"2025-10-03T15:18:32","modified_gmt":"2025-10-03T13:18:32","slug":"la-boite-a-musique","status":"publish","type":"page","link":"https:\/\/www.leviolonsabot.com\/index.php\/la-boite-a-musique\/","title":{"rendered":"La Cabane sonore"},"content":{"rendered":"\n<h1 class=\"wp-block-heading has-text-align-center has-x-large-font-size\">La Cabane sonore<\/h1>\n\n\n\n<p class=\"has-nv-light-bg-color has-text-color has-link-color has-medium-font-size wp-elements-480af594b2130012ebb0b0c6df338553\">La Cabane sonore est un atelier-spectacle \u00e0 destination des enfants. <a href=\"https:\/\/www.leviolonsabot.com\/wp-content\/uploads\/2025\/10\/La-Cabane-sonore.pdf\">T\u00e9l\u00e9chargez le dossier d\u00e9taill\u00e9 ici (pdf) !<\/a><\/p>\n\n\n\n<figure class=\"wp-block-image size-large\"><img loading=\"lazy\" decoding=\"async\" width=\"1024\" height=\"711\" src=\"https:\/\/www.leviolonsabot.com\/wp-content\/uploads\/2025\/09\/6-scaled-e1758813580192-1024x711.jpg\" alt=\"\" class=\"wp-image-1014\" srcset=\"https:\/\/www.leviolonsabot.com\/wp-content\/uploads\/2025\/09\/6-scaled-e1758813580192-1024x711.jpg 1024w, https:\/\/www.leviolonsabot.com\/wp-content\/uploads\/2025\/09\/6-scaled-e1758813580192-300x208.jpg 300w, https:\/\/www.leviolonsabot.com\/wp-content\/uploads\/2025\/09\/6-scaled-e1758813580192-768x534.jpg 768w, https:\/\/www.leviolonsabot.com\/wp-content\/uploads\/2025\/09\/6-scaled-e1758813580192-1536x1067.jpg 1536w, https:\/\/www.leviolonsabot.com\/wp-content\/uploads\/2025\/09\/6-scaled-e1758813580192.jpg 1707w\" sizes=\"auto, (max-width: 1024px) 100vw, 1024px\" \/><\/figure>\n\n\n\n<p><br>Il permet de m\u00ealer la musique (jeu instrumental et chant), la danse, le bricolage et le travail manuel, le th\u00e9\u00e2tre et les arts de la marionnette, afin de cr\u00e9er collectivement un instrument de musique et un spectacle.<br><br>Pendant plusieurs jours d\u2019ateliers, les enfants pourront d\u00e9couvrir plusieurs fa\u00e7ons de produire des sons, de la construction des instruments au jeu, \u00e0 l\u2019aide de mat\u00e9riaux de r\u00e9cup\u00e9ration (bois, tuyaux, quincaillerie, ficelles, objets creux et r\u00e9sonnants\u2026).<br><br>Guid\u00e9s par les deux musiciens qui animent l\u2019atelier, le groupe choisira collectivement l\u2019agencement des diff\u00e9rents modules instrumentaux sur la cabane, sa d\u00e9coration, et imaginera des chansons, des danses, et une histoire pour \u00e9crire un spectacle.<br><br>Puis le groupe travaillera ce spectacle, au cours de r\u00e9p\u00e9titions, pour pouvoir en donner une repr\u00e9sentation publique d\u2019une quinzaine de minutes.<\/p>\n\n\n\n<p>L\u2019atelier spectacle de la cabane sonore propose un temps d\u2019\u00e9change, de cr\u00e9ation et de d\u00e9couvertes, qui laisse de beaux souvenirs et de nombreux apprentissages. La cabane sonore peut \u00eatre conserv\u00e9e par le lieu d\u2019accueil, et utilis\u00e9e \u00e0 diff\u00e9rentes occasions, ludiques et p\u00e9dagogiques.<\/p>\n\n\n\n<p><br><\/p>\n","protected":false},"excerpt":{"rendered":"<p>La Cabane sonore La Cabane sonore est un atelier-spectacle \u00e0 destination des enfants. T\u00e9l\u00e9chargez le dossier d\u00e9taill\u00e9 ici (pdf) ! Il permet de m\u00ealer la musique (jeu instrumental et chant), la danse, le bricolage et le travail manuel, le th\u00e9\u00e2tre et les arts de la marionnette, afin de cr\u00e9er collectivement un instrument de musique et&hellip;&nbsp;<a href=\"https:\/\/www.leviolonsabot.com\/index.php\/la-boite-a-musique\/\" class=\"\" rel=\"bookmark\">Lire la suite &raquo;<span class=\"screen-reader-text\">La Cabane sonore<\/span><\/a><\/p>\n","protected":false},"author":1,"featured_media":0,"parent":0,"menu_order":0,"comment_status":"closed","ping_status":"closed","template":"","meta":{"neve_meta_sidebar":"","neve_meta_container":"","neve_meta_enable_content_width":"","neve_meta_content_width":0,"neve_meta_title_alignment":"","neve_meta_author_avatar":"","neve_post_elements_order":"","neve_meta_disable_header":"","neve_meta_disable_footer":"","neve_meta_disable_title":"","footnotes":""},"class_list":["post-950","page","type-page","status-publish","hentry"],"_links":{"self":[{"href":"https:\/\/www.leviolonsabot.com\/index.php\/wp-json\/wp\/v2\/pages\/950","targetHints":{"allow":["GET"]}}],"collection":[{"href":"https:\/\/www.leviolonsabot.com\/index.php\/wp-json\/wp\/v2\/pages"}],"about":[{"href":"https:\/\/www.leviolonsabot.com\/index.php\/wp-json\/wp\/v2\/types\/page"}],"author":[{"embeddable":true,"href":"https:\/\/www.leviolonsabot.com\/index.php\/wp-json\/wp\/v2\/users\/1"}],"replies":[{"embeddable":true,"href":"https:\/\/www.leviolonsabot.com\/index.php\/wp-json\/wp\/v2\/comments?post=950"}],"version-history":[{"count":12,"href":"https:\/\/www.leviolonsabot.com\/index.php\/wp-json\/wp\/v2\/pages\/950\/revisions"}],"predecessor-version":[{"id":1083,"href":"https:\/\/www.leviolonsabot.com\/index.php\/wp-json\/wp\/v2\/pages\/950\/revisions\/1083"}],"wp:attachment":[{"href":"https:\/\/www.leviolonsabot.com\/index.php\/wp-json\/wp\/v2\/media?parent=950"}],"curies":[{"name":"wp","href":"https:\/\/api.w.org\/{rel}","templated":true}]}}